{"id":9,"date":"2011-11-14T10:19:22","date_gmt":"2011-11-14T09:19:22","guid":{"rendered":"https:\/\/new.chevreaux-suprematistes.com\/index.php\/collaborateurs\/"},"modified":"2023-09-22T16:44:18","modified_gmt":"2023-09-22T14:44:18","slug":"collaborateurs","status":"publish","type":"page","link":"https:\/\/new.chevreaux-suprematistes.com\/index.php\/qui-sommes-nous\/collaborateurs\/","title":{"rendered":"Collaborateurs"},"content":{"rendered":"<div class=\"column\">\n<p>St\u00e9phane Correa, r\u00e9alisateur<\/p>\n<p>Pierre Dachery, ing\u00e9nieur son<br \/>\nClapson SARL <a href=\"mailto:pierre.dachery@free.fr\">pierre.dachery@free.fr<\/a><br \/>\n+33 6 80 91 05 86<\/p>\n<p>Aurelie Godard, artiste<br \/>\n<a href=\"http:\/\/www.galeriedohyanglee.com\/aurelie-godard\">www.galeriedohyanglee.com\/aurelie-godard<\/a><\/p>\n<p><a href=\"www.chiensdenavarre.com\/lapageacceuil.html\">Les chiens de Navarre, com\u00e9diens<\/a>  <\/p>\n<p>David Enon, designer<br \/>\nwww.davidenon.net<\/p>\n<\/div>\n<div class=\"column\">\n<p>Lucie Chaumont, artiste<\/p>\n<p>Adila Bennedjai Zou, sc\u00e9nariste<br \/>\nmail : <a href=\"mailto:adilazou@hotmail.com\">adilazou@hotmail.com<\/a><\/p>\n<p><a href=\"http:\/\/julienberthier.org\">Julien Berthier, artiste<\/a><\/p>\n<p>Marie Moreau, designer<br \/>\nmail : <a href=\"mailto:moreaum89@gmail.com\">moreaum89@gmail.com<\/a><\/p>\n<\/div>\n","protected":false},"excerpt":{"rendered":"<p>St\u00e9phane Correa, r\u00e9alisateur Pierre Dachery, ing\u00e9nieur son Clapson SARL pierre.dachery@free.fr +33 6 80 91 05 86 Aurelie Godard, artiste www.galeriedohyanglee.com\/aurelie-godard Les chiens de Navarre, com\u00e9diens David Enon, designer www.davidenon.net Lucie Chaumont, artiste Adila Bennedjai Zou, sc\u00e9nariste mail : adilazou@hotmail.com Julien Berthier, artiste Marie Moreau, designer mail : moreaum89@gmail.com<\/p>\n","protected":false},"author":1,"featured_media":0,"parent":113,"menu_order":0,"comment_status":"open","ping_status":"closed","template":"","meta":{"footnotes":""},"type_de_page":[],"class_list":["post-9","page","type-page","status-publish","hentry"],"_links":{"self":[{"href":"https:\/\/new.chevreaux-suprematistes.com\/index.php\/wp-json\/wp\/v2\/pages\/9","targetHints":{"allow":["GET"]}}],"collection":[{"href":"https:\/\/new.chevreaux-suprematistes.com\/index.php\/wp-json\/wp\/v2\/pages"}],"about":[{"href":"https:\/\/new.chevreaux-suprematistes.com\/index.php\/wp-json\/wp\/v2\/types\/page"}],"author":[{"embeddable":true,"href":"https:\/\/new.chevreaux-suprematistes.com\/index.php\/wp-json\/wp\/v2\/users\/1"}],"replies":[{"embeddable":true,"href":"https:\/\/new.chevreaux-suprematistes.com\/index.php\/wp-json\/wp\/v2\/comments?post=9"}],"version-history":[{"count":1,"href":"https:\/\/new.chevreaux-suprematistes.com\/index.php\/wp-json\/wp\/v2\/pages\/9\/revisions"}],"predecessor-version":[{"id":115,"href":"https:\/\/new.chevreaux-suprematistes.com\/index.php\/wp-json\/wp\/v2\/pages\/9\/revisions\/115"}],"up":[{"embeddable":true,"href":"https:\/\/new.chevreaux-suprematistes.com\/index.php\/wp-json\/wp\/v2\/pages\/113"}],"wp:attachment":[{"href":"https:\/\/new.chevreaux-suprematistes.com\/index.php\/wp-json\/wp\/v2\/media?parent=9"}],"wp:term":[{"taxonomy":"type_de_page","embeddable":true,"href":"https:\/\/new.chevreaux-suprematistes.com\/index.php\/wp-json\/wp\/v2\/type_de_page?post=9"}],"curies":[{"name":"wp","href":"https:\/\/api.w.org\/{rel}","templated":true}]}}