{"id":8,"date":"2011-11-14T10:18:59","date_gmt":"2011-11-14T09:18:59","guid":{"rendered":"https:\/\/new.chevreaux-suprematistes.com\/index.php\/matthieu-lemarie\/"},"modified":"2023-09-26T10:03:17","modified_gmt":"2023-09-26T08:03:17","slug":"matthieu-lemarie","status":"publish","type":"page","link":"https:\/\/new.chevreaux-suprematistes.com\/index.php\/qui-sommes-nous\/matthieu-lemarie\/","title":{"rendered":"Matthieu Lemari\u00e9"},"content":{"rendered":"<p>Matthieu Lemari\u00e9 est artiste en g\u00e9n\u00e9ral.<br \/>\n(dessin, peinture, installation, vid\u00e9o)<\/p>\n<p>Dipl\u00f4m\u00e9 Beaux-arts de Paris 1999.<br \/>\nR\u00e9sident de la Casa de Velazquez de 2004 \u00e0 2006, il r\u00e9alise entre autres un petit journal vid\u00e9o visible ici : http:\/\/matthieulemarie.free.fr\/%2802%29journal-vid%e9o\/<\/p>\n<p>Il r\u00e9alise \u00e9galement des d\u00e9cors peints pour le th\u00e9\u00e2tre, le cin\u00e9ma ou l&rsquo;op\u00e9ra.<br \/>\n(avec des interventions pour Ariane Mnouchkine, Eric Rohmer, Alain Resnais, Zingaro, l&rsquo;Op\u00e9ra royal (Versailles), le Cirque du soleil&#8230;)<\/p>\n\n\n<figure class=\"wp-block-image\"><a href=\"https:\/\/chevreaux-suprematistes.com\/local\/cache-vignettes\/L1800xH996\/l_atelier-c886a.jpg?1602069116\"><img decoding=\"async\" src=\"https:\/\/chevreaux-suprematistes.com\/local\/cache-gd2\/b1\/be4fab3e5a998b4a8b99f1a2f4b8e1.jpg?1602069647\" alt=\"10:l'atelier\"\/><\/a><\/figure>\n\n\n\n<figure class=\"wp-block-image\"><a href=\"https:\/\/chevreaux-suprematistes.com\/local\/cache-vignettes\/L904xH1100\/moi-5233a.jpg?1602069388\"><img decoding=\"async\" src=\"https:\/\/chevreaux-suprematistes.com\/local\/cache-gd2\/05\/cb1fc858416ec38c557d49f92ebf49.jpg?1602069569\" alt=\"13\"\/><\/a><\/figure>\n\n\n\n<figure class=\"wp-block-image\"><a href=\"https:\/\/chevreaux-suprematistes.com\/local\/cache-vignettes\/L1442xH1100\/esquema-d4895.jpg?1602069112\"><img decoding=\"async\" src=\"https:\/\/chevreaux-suprematistes.com\/local\/cache-gd2\/06\/9e9f96e1b504e7548dfa26084f733a.jpg?1602069639\" alt=\"15\"\/><\/a><\/figure>\n\n\n\n<figure class=\"wp-block-image\"><a href=\"https:\/\/chevreaux-suprematistes.com\/local\/cache-vignettes\/L1100xH1100\/catalans_triste_mardi-e9354.jpg?1602069304\"><img decoding=\"async\" src=\"https:\/\/chevreaux-suprematistes.com\/local\/cache-gd2\/cb\/69b940732dc7784c1ae2c5e48b4134.jpg?1602069667\" alt=\"20\"\/><\/a><\/figure>\n\n\n\n<figure class=\"wp-block-image\"><a href=\"https:\/\/chevreaux-suprematistes.com\/local\/cache-vignettes\/L1100xH1100\/catal_balle_mardi-4c31f.jpg?1602069305\"><img decoding=\"async\" src=\"https:\/\/chevreaux-suprematistes.com\/local\/cache-gd2\/5b\/4a8e383e35036543ea68db188e2996.jpg?1602069636\" alt=\"21\"\/><\/a><\/figure>\n\n\n\n<figure class=\"wp-block-image\"><a href=\"https:\/\/chevreaux-suprematistes.com\/local\/cache-vignettes\/L1100xH1100\/catalans_mardi_3-5814f.jpg?1602069306\"><img decoding=\"async\" src=\"https:\/\/chevreaux-suprematistes.com\/local\/cache-gd2\/c5\/edcfe36e2a042c2f46ccfdc7293be3.jpg?1602069664\" alt=\"22\"\/><\/a><\/figure>\n\n\n\n<figure class=\"wp-block-image\"><a href=\"https:\/\/chevreaux-suprematistes.com\/local\/cache-vignettes\/L1800xH1100\/titrepeintdecor_2-6987a.jpg?1602069318\"><img decoding=\"async\" src=\"https:\/\/chevreaux-suprematistes.com\/local\/cache-gd2\/02\/4bec416ff20f95a891698042ac4d99.jpg?1602069572\" alt=\"30\"\/><\/a><\/figure>\n\n\n\n<figure class=\"wp-block-image\"><a href=\"https:\/\/chevreaux-suprematistes.com\/local\/cache-vignettes\/L1190xH1100\/the-lion-man-dd0af.jpg?1602069279\"><img decoding=\"async\" src=\"https:\/\/chevreaux-suprematistes.com\/local\/cache-gd2\/e4\/c3fc1c08a9bee5eb8f7e217769897d.jpg?1602069600\" alt=\"40\"\/><\/a><\/figure>\n\n\n\n<figure class=\"wp-block-image\"><a href=\"https:\/\/chevreaux-suprematistes.com\/local\/cache-vignettes\/L1800xH1048\/bussang-4c1d6.jpg?1602069171\"><img decoding=\"async\" src=\"https:\/\/chevreaux-suprematistes.com\/local\/cache-gd2\/b0\/53019e5c4e0c569db4a094638c238a.jpg?1602069655\" alt=\"55\"\/><\/a><\/figure>\n\n\n\n<figure class=\"wp-block-image\"><a href=\"https:\/\/chevreaux-suprematistes.com\/local\/cache-vignettes\/L1800xH1013\/operaroyal_1-a99fe.jpg?1602069162\"><img decoding=\"async\" src=\"https:\/\/chevreaux-suprematistes.com\/local\/cache-gd2\/ed\/6576d087f875d96d945b9e49dcc289.jpg?1602069603\" alt=\"60\"\/><\/a><\/figure>\n\n\n\n<figure class=\"wp-block-image\"><a href=\"https:\/\/chevreaux-suprematistes.com\/local\/cache-vignettes\/L1800xH1013\/operaroyal_3-5e9b0.jpg?1602069162\"><img decoding=\"async\" src=\"https:\/\/chevreaux-suprematistes.com\/local\/cache-gd2\/57\/4b21e8dd39583fe730e75d57f2f6f9.jpg?1602069501\" alt=\"62\"\/><\/a><\/figure>\n\n\n\n<figure class=\"wp-block-image\"><a href=\"https:\/\/chevreaux-suprematistes.com\/local\/cache-vignettes\/L1133xH1100\/vidocq-eb132.jpg?1602069254\"><img decoding=\"async\" src=\"https:\/\/chevreaux-suprematistes.com\/local\/cache-gd2\/74\/d77348163063934850a6f8577beee7.jpg?1602069615\" alt=\"70\"\/><\/a><\/figure>\n","protected":false},"excerpt":{"rendered":"<p>Matthieu Lemari\u00e9 est artiste en g\u00e9n\u00e9ral. (dessin, peinture, installation, vid\u00e9o) Dipl\u00f4m\u00e9 Beaux-arts de Paris 1999. R\u00e9sident de la Casa de Velazquez de 2004 \u00e0 2006, il r\u00e9alise entre autres un petit journal vid\u00e9o visible ici : http:\/\/matthieulemarie.free.fr\/%2802%29journal-vid%e9o\/ Il r\u00e9alise \u00e9galement des d\u00e9cors peints pour le th\u00e9\u00e2tre, le cin\u00e9ma ou l&rsquo;op\u00e9ra. (avec des interventions pour Ariane [&hellip;]<\/p>\n","protected":false},"author":1,"featured_media":0,"parent":113,"menu_order":0,"comment_status":"open","ping_status":"closed","template":"","meta":{"footnotes":""},"type_de_page":[],"class_list":["post-8","page","type-page","status-publish","hentry"],"_links":{"self":[{"href":"https:\/\/new.chevreaux-suprematistes.com\/index.php\/wp-json\/wp\/v2\/pages\/8","targetHints":{"allow":["GET"]}}],"collection":[{"href":"https:\/\/new.chevreaux-suprematistes.com\/index.php\/wp-json\/wp\/v2\/pages"}],"about":[{"href":"https:\/\/new.chevreaux-suprematistes.com\/index.php\/wp-json\/wp\/v2\/types\/page"}],"author":[{"embeddable":true,"href":"https:\/\/new.chevreaux-suprematistes.com\/index.php\/wp-json\/wp\/v2\/users\/1"}],"replies":[{"embeddable":true,"href":"https:\/\/new.chevreaux-suprematistes.com\/index.php\/wp-json\/wp\/v2\/comments?post=8"}],"version-history":[{"count":2,"href":"https:\/\/new.chevreaux-suprematistes.com\/index.php\/wp-json\/wp\/v2\/pages\/8\/revisions"}],"predecessor-version":[{"id":133,"href":"https:\/\/new.chevreaux-suprematistes.com\/index.php\/wp-json\/wp\/v2\/pages\/8\/revisions\/133"}],"up":[{"embeddable":true,"href":"https:\/\/new.chevreaux-suprematistes.com\/index.php\/wp-json\/wp\/v2\/pages\/113"}],"wp:attachment":[{"href":"https:\/\/new.chevreaux-suprematistes.com\/index.php\/wp-json\/wp\/v2\/media?parent=8"}],"wp:term":[{"taxonomy":"type_de_page","embeddable":true,"href":"https:\/\/new.chevreaux-suprematistes.com\/index.php\/wp-json\/wp\/v2\/type_de_page?post=8"}],"curies":[{"name":"wp","href":"https:\/\/api.w.org\/{rel}","templated":true}]}}