{"id":7,"date":"2011-11-14T10:18:21","date_gmt":"2011-11-14T09:18:21","guid":{"rendered":"https:\/\/new.chevreaux-suprematistes.com\/index.php\/penelope-de-bozzi\/"},"modified":"2023-09-26T10:02:17","modified_gmt":"2023-09-26T08:02:17","slug":"penelope-de-bozzi","status":"publish","type":"page","link":"https:\/\/new.chevreaux-suprematistes.com\/index.php\/qui-sommes-nous\/penelope-de-bozzi\/","title":{"rendered":"P\u00e9n\u00e9lope de Bozzi"},"content":{"rendered":"<div class=\"column\">\n<p>P\u00e9n\u00e9lope est designer de formation, Ensci-les-Ateliers.<br \/>\n<br \/>2007-pr\u00e9sent : Monte le groupe des <em>Chevreaux Supr\u00e9matistes<\/em> avec Matthieu Lemari\u00e9 et Lucie Chaumont.<br \/>\n<br \/>2002-2004 : Enseigne le design aux Beaux Arts de Angers.<br \/>\n<br \/>2002 : Publie <em>Objets R\u00e9invent\u00e9s, le cr\u00e9ation populaire \u00e0 Cuba<\/em> avec Ernesto Oroza.<br \/>\n<br \/>1999-2008 : Cr\u00e9e le <em>Laboratoire Urbain<\/em>.<\/p>\n<\/div>\n<div class=\"column\">\n<h2>Objets r\u00e9invent\u00e9s, la cr\u00e9ation populaire \u00e0 Cuba<\/h2>\n<p><em>\u00e9ditions Alternative<\/em><\/p>\n<p>En 2002, je suis coauteur de cet ouvrage, issue d&rsquo;une recherche men\u00e9e dans son pays par Ernesto Oroza, lui aussi designer.<\/p>\n<\/div>\n<div class=\"column\">\n<h2>Laboratoire urbain<\/h2>\n<p><em>La Brigade d&rsquo;intervention Lente (B.I.L.) et Les ouvreurs de promenade<\/em><\/p>\n<p>En 1998, je participe \u00e0 la cr\u00e9ation de l\u2019association <em>Laboratoire Urbain<\/em> avec 2 architectes, 2 sc\u00e9nographes, 3 designeurs, 1 danseur et plusieurs artistes.<\/p>\n<\/div>\n<div class=\"column\">\n<p>Nous proposons des interventions urbaines avec la <em>B.I.L.<\/em> (Brigade d\u2019Intervention Lente) en 2004.<\/p>\n<p>Nous r\u00e9alisons les Portes Ouvertes de la Petite Ceinture \u00e0 Paris en 1998. <\/p>\n<p>Nous proposons des \u00ab\u00a0ateliers promenade\u00a0\u00bb gr\u00e2ce au <em>ouvreurs de promenades<\/em> dans le cadre de quartier <em>politique de la Ville<\/em> ou dans le cadre de festivals de rue, de 2002 \u00e0 2008.<\/p>\n<p><a href=\"http:\/\/ouvreursdepromenade.free.fr\/\">En savoir plus sur les ouvreurs de promenade<\/a> <\/p>\n<\/div>\n<div class=\"column\">\n<h2>Noise Cassette<\/h2>\n<p><em>Ouverture d&rsquo;une piscine anaquatique<\/em><\/p>\n<p>Lors du festival excentrique en 2009, je suis \u00ab\u00a0artiste invit\u00e9\u00a0\u00bb \u00e0 Mainvilliers dans le cadre du projet de James Bouquard : <em>Noise Cassette, autre contrep\u00e9trie territoriale<\/em>.<\/p>\n<p>Je propose pendant la dur\u00e9e du festival, la r\u00e9ouverture de la Piscine de Vauroux, ferm\u00e9e depuis 5 ans, malgr\u00e9 sa grande popularit\u00e9. <\/p>\n<\/div>\n<div class=\"column\">\n<p>Elle devenue le symbole d&rsquo;un enjeu politique, un bras de fer entre les villes de Mainvilliers et de Chartres, qui bloque sa r\u00e9ouverture, pour ouvrir un grand complexe aquatique de l&rsquo;autre c\u00f4t\u00e9 de la ville.<\/p>\n<p>En pied de nez, nous inaugurons le <em>Grand Complexe Anaquatique des Vauroux<\/em> o\u00f9 une s\u00e9rie d&rsquo;activit\u00e9s sportives pour une piscine vide seront imagin\u00e9es par les habitants  : ski \u00e0 roulette, course ou foot en palme, curling, squash, tennis ou anatation synchronis\u00e9e.<\/p>\n<p><a href=\"http:\/\/www.noisecassette.com\/-MAINVILLIERS-.html#topville\">En savoir plus<\/a>\n<\/div>\n\n\n<figure class=\"wp-block-image\"><a href=\"https:\/\/chevreaux-suprematistes.com\/local\/cache-vignettes\/L398xH475\/cuba-52630.png?1602069206\"><img decoding=\"async\" src=\"https:\/\/chevreaux-suprematistes.com\/local\/cache-gd2\/fe\/91a04040528ef0af520c2e15b3eb37.png?1602069601\" alt=\"objets r\u00e9invent\u00e9s\"\/><\/a><\/figure>\n\n\n\n<figure class=\"wp-block-image\"><a href=\"https:\/\/chevreaux-suprematistes.com\/local\/cache-vignettes\/L400xH699\/2591246104-0a6b2.jpg?1602069405\"><img decoding=\"async\" src=\"https:\/\/chevreaux-suprematistes.com\/local\/cache-gd2\/41\/e5843a51f23aa3f21e14b4ab148ec2.jpg?1602069672\" alt=\"objets r\u00e9invent\u00e9s\"\/><\/a><\/figure>\n\n\n\n<figure class=\"wp-block-image\"><a href=\"https:\/\/chevreaux-suprematistes.com\/local\/cache-vignettes\/L787xH591\/conf-ebed7.jpg?1602069359\"><img decoding=\"async\" src=\"https:\/\/chevreaux-suprematistes.com\/local\/cache-gd2\/52\/dcfd948eb654169523759354892d36.jpg?1602069641\" alt=\"Bil\"\/><\/a><\/figure>\n\n\n\n<figure class=\"wp-block-image\"><a href=\"https:\/\/chevreaux-suprematistes.com\/local\/cache-vignettes\/L1644xH1100\/IMGP4189-e5c15.jpg?1602069191\"><img decoding=\"async\" src=\"https:\/\/chevreaux-suprematistes.com\/local\/cache-gd2\/5a\/18b23f279dceae44cf0200087f4861.jpg?1602069567\" alt=\"anatation synchronis\u00e9e\"\/><\/a><\/figure>\n\n\n\n<figure class=\"wp-block-image\"><a href=\"https:\/\/chevreaux-suprematistes.com\/local\/cache-vignettes\/L1650xH1100\/l1000891-90968.jpg?1602069400\"><img decoding=\"async\" src=\"https:\/\/chevreaux-suprematistes.com\/local\/cache-gd2\/3f\/ee6ca7191c7b8b3d5ebd75d2003995.jpg?1602069634\" alt=\"dsf\"\/><\/a><\/figure>\n\n\n\n<h1 class=\"wp-block-heading\">P\u00e9n\u00e9lope de Bozzi<\/h1>\n","protected":false},"excerpt":{"rendered":"<p>P\u00e9n\u00e9lope est designer de formation, Ensci-les-Ateliers. 2007-pr\u00e9sent : Monte le groupe des Chevreaux Supr\u00e9matistes avec Matthieu Lemari\u00e9 et Lucie Chaumont. 2002-2004 : Enseigne le design aux Beaux Arts de Angers. 2002 : Publie Objets R\u00e9invent\u00e9s, le cr\u00e9ation populaire \u00e0 Cuba avec Ernesto Oroza. 1999-2008 : Cr\u00e9e le Laboratoire Urbain. Objets r\u00e9invent\u00e9s, la cr\u00e9ation populaire \u00e0 [&hellip;]<\/p>\n","protected":false},"author":1,"featured_media":0,"parent":113,"menu_order":0,"comment_status":"open","ping_status":"closed","template":"","meta":{"footnotes":""},"type_de_page":[],"class_list":["post-7","page","type-page","status-publish","hentry"],"_links":{"self":[{"href":"https:\/\/new.chevreaux-suprematistes.com\/index.php\/wp-json\/wp\/v2\/pages\/7","targetHints":{"allow":["GET"]}}],"collection":[{"href":"https:\/\/new.chevreaux-suprematistes.com\/index.php\/wp-json\/wp\/v2\/pages"}],"about":[{"href":"https:\/\/new.chevreaux-suprematistes.com\/index.php\/wp-json\/wp\/v2\/types\/page"}],"author":[{"embeddable":true,"href":"https:\/\/new.chevreaux-suprematistes.com\/index.php\/wp-json\/wp\/v2\/users\/1"}],"replies":[{"embeddable":true,"href":"https:\/\/new.chevreaux-suprematistes.com\/index.php\/wp-json\/wp\/v2\/comments?post=7"}],"version-history":[{"count":2,"href":"https:\/\/new.chevreaux-suprematistes.com\/index.php\/wp-json\/wp\/v2\/pages\/7\/revisions"}],"predecessor-version":[{"id":132,"href":"https:\/\/new.chevreaux-suprematistes.com\/index.php\/wp-json\/wp\/v2\/pages\/7\/revisions\/132"}],"up":[{"embeddable":true,"href":"https:\/\/new.chevreaux-suprematistes.com\/index.php\/wp-json\/wp\/v2\/pages\/113"}],"wp:attachment":[{"href":"https:\/\/new.chevreaux-suprematistes.com\/index.php\/wp-json\/wp\/v2\/media?parent=7"}],"wp:term":[{"taxonomy":"type_de_page","embeddable":true,"href":"https:\/\/new.chevreaux-suprematistes.com\/index.php\/wp-json\/wp\/v2\/type_de_page?post=7"}],"curies":[{"name":"wp","href":"https:\/\/api.w.org\/{rel}","templated":true}]}}