{"id":67,"date":"2020-01-17T10:32:30","date_gmt":"2020-01-17T09:32:30","guid":{"rendered":"https:\/\/new.chevreaux-suprematistes.com\/index.php\/microbiote\/"},"modified":"2023-09-22T16:37:07","modified_gmt":"2023-09-22T14:37:07","slug":"microbiote","status":"publish","type":"page","link":"https:\/\/new.chevreaux-suprematistes.com\/index.php\/videos\/microbiote\/","title":{"rendered":"Microbiote"},"content":{"rendered":"<p>Comment prendre soin de son microbiote ? Une question l\u00e9gitime auquel ce film d&rsquo;animation r\u00e9pond en dessin anim\u00e9 et stop motion en laine card\u00e9e.<br \/>\nDans l&rsquo;exposition \u00ab\u00a0Microbiote\u00a0\u00bb \u00e0  la Cit\u00e9 des sciences, issue du livre \u00ab\u00a0le charme discret de l&rsquo;intestin de Giulia Enders.<\/p>\n","protected":false},"excerpt":{"rendered":"<p>Comment prendre soin de son microbiote ? Une question l\u00e9gitime auquel ce film d&rsquo;animation r\u00e9pond en dessin anim\u00e9 et stop motion en laine card\u00e9e. Dans l&rsquo;exposition \u00ab\u00a0Microbiote\u00a0\u00bb \u00e0 la Cit\u00e9 des sciences, issue du livre \u00ab\u00a0le charme discret de l&rsquo;intestin de Giulia Enders.<\/p>\n","protected":false},"author":1,"featured_media":0,"parent":99,"menu_order":0,"comment_status":"closed","ping_status":"closed","template":"","meta":{"footnotes":""},"type_de_page":[],"class_list":["post-67","page","type-page","status-publish","hentry"],"_links":{"self":[{"href":"https:\/\/new.chevreaux-suprematistes.com\/index.php\/wp-json\/wp\/v2\/pages\/67","targetHints":{"allow":["GET"]}}],"collection":[{"href":"https:\/\/new.chevreaux-suprematistes.com\/index.php\/wp-json\/wp\/v2\/pages"}],"about":[{"href":"https:\/\/new.chevreaux-suprematistes.com\/index.php\/wp-json\/wp\/v2\/types\/page"}],"author":[{"embeddable":true,"href":"https:\/\/new.chevreaux-suprematistes.com\/index.php\/wp-json\/wp\/v2\/users\/1"}],"replies":[{"embeddable":true,"href":"https:\/\/new.chevreaux-suprematistes.com\/index.php\/wp-json\/wp\/v2\/comments?post=67"}],"version-history":[{"count":1,"href":"https:\/\/new.chevreaux-suprematistes.com\/index.php\/wp-json\/wp\/v2\/pages\/67\/revisions"}],"predecessor-version":[{"id":84,"href":"https:\/\/new.chevreaux-suprematistes.com\/index.php\/wp-json\/wp\/v2\/pages\/67\/revisions\/84"}],"up":[{"embeddable":true,"href":"https:\/\/new.chevreaux-suprematistes.com\/index.php\/wp-json\/wp\/v2\/pages\/99"}],"wp:attachment":[{"href":"https:\/\/new.chevreaux-suprematistes.com\/index.php\/wp-json\/wp\/v2\/media?parent=67"}],"wp:term":[{"taxonomy":"type_de_page","embeddable":true,"href":"https:\/\/new.chevreaux-suprematistes.com\/index.php\/wp-json\/wp\/v2\/type_de_page?post=67"}],"curies":[{"name":"wp","href":"https:\/\/api.w.org\/{rel}","templated":true}]}}