{"id":66,"date":"2020-01-17T10:24:52","date_gmt":"2020-01-17T09:24:52","guid":{"rendered":"https:\/\/new.chevreaux-suprematistes.com\/index.php\/bonne-nuit-albertine\/"},"modified":"2023-09-22T16:37:07","modified_gmt":"2023-09-22T14:37:07","slug":"bonne-nuit-albertine","status":"publish","type":"page","link":"https:\/\/new.chevreaux-suprematistes.com\/index.php\/videos\/bonne-nuit-albertine\/","title":{"rendered":"Bonne nuit Albertine"},"content":{"rendered":"<p>Albertine, une petite fille, habite en face du laboratoire de Louis Pasteur. Elle voit par sa fen\u00eatre toutes les exp\u00e9riences pour le vaccin de la rage et s&rsquo;inqui\u00e8te du sort des lapins et du premier enfant vaccin\u00e9.<br \/>\nUn film en th\u00e9\u00e2tre d&rsquo;ombre  de peur et de suspens &#8230;.<br \/>\nExposition Pasteur l&rsquo;exp\u00e9rimentateur au palais de la d\u00e9couverte, 2018<\/p>\n","protected":false},"excerpt":{"rendered":"<p>Albertine, une petite fille, habite en face du laboratoire de Louis Pasteur. Elle voit par sa fen\u00eatre toutes les exp\u00e9riences pour le vaccin de la rage et s&rsquo;inqui\u00e8te du sort des lapins et du premier enfant vaccin\u00e9. Un film en th\u00e9\u00e2tre d&rsquo;ombre de peur et de suspens &#8230;. Exposition Pasteur l&rsquo;exp\u00e9rimentateur au palais de la [&hellip;]<\/p>\n","protected":false},"author":1,"featured_media":0,"parent":99,"menu_order":0,"comment_status":"closed","ping_status":"closed","template":"","meta":{"footnotes":""},"type_de_page":[],"class_list":["post-66","page","type-page","status-publish","hentry"],"_links":{"self":[{"href":"https:\/\/new.chevreaux-suprematistes.com\/index.php\/wp-json\/wp\/v2\/pages\/66","targetHints":{"allow":["GET"]}}],"collection":[{"href":"https:\/\/new.chevreaux-suprematistes.com\/index.php\/wp-json\/wp\/v2\/pages"}],"about":[{"href":"https:\/\/new.chevreaux-suprematistes.com\/index.php\/wp-json\/wp\/v2\/types\/page"}],"author":[{"embeddable":true,"href":"https:\/\/new.chevreaux-suprematistes.com\/index.php\/wp-json\/wp\/v2\/users\/1"}],"replies":[{"embeddable":true,"href":"https:\/\/new.chevreaux-suprematistes.com\/index.php\/wp-json\/wp\/v2\/comments?post=66"}],"version-history":[{"count":1,"href":"https:\/\/new.chevreaux-suprematistes.com\/index.php\/wp-json\/wp\/v2\/pages\/66\/revisions"}],"predecessor-version":[{"id":85,"href":"https:\/\/new.chevreaux-suprematistes.com\/index.php\/wp-json\/wp\/v2\/pages\/66\/revisions\/85"}],"up":[{"embeddable":true,"href":"https:\/\/new.chevreaux-suprematistes.com\/index.php\/wp-json\/wp\/v2\/pages\/99"}],"wp:attachment":[{"href":"https:\/\/new.chevreaux-suprematistes.com\/index.php\/wp-json\/wp\/v2\/media?parent=66"}],"wp:term":[{"taxonomy":"type_de_page","embeddable":true,"href":"https:\/\/new.chevreaux-suprematistes.com\/index.php\/wp-json\/wp\/v2\/type_de_page?post=66"}],"curies":[{"name":"wp","href":"https:\/\/api.w.org\/{rel}","templated":true}]}}