{"id":65,"date":"2018-06-27T20:30:57","date_gmt":"2018-06-27T18:30:57","guid":{"rendered":"https:\/\/new.chevreaux-suprematistes.com\/index.php\/champs-maudits\/"},"modified":"2023-09-22T16:39:35","modified_gmt":"2023-09-22T14:39:35","slug":"champs-maudits","status":"publish","type":"page","link":"https:\/\/new.chevreaux-suprematistes.com\/index.php\/videos\/champs-maudits\/","title":{"rendered":"Champs maudits"},"content":{"rendered":"<p>Alfred, un mouton d&rsquo;Eure et Loir meurt subitement d&rsquo;un mal myst\u00e9rieux &#8230; Louis Pasteur vient enqu\u00eater sur place. Un film d&rsquo;animation enti\u00e8rement r\u00e9alis\u00e9 en LAINE sous toutes ses formes (et tourn\u00e9 en stop motion). vid\u00e9o-mapping sur une sculpture d&rsquo;Alfred, un mouton grandeur nature.<\/p>\n<p>Le film raconte l&rsquo;enqu\u00eate de Louis Pasteur sur un mal myst\u00e9rieux et alors mal connu :  la maladie du charbon (autrement appel\u00e9e l&rsquo;anthrax).<\/p>\n<p>AU PALAIS DE LA DECOUVERTE jusqu&rsquo;au 19 ao\u00fbt 2018.<\/p>\n<p>Pour en savoir plus : http:\/\/www.palais-decouverte.fr\/fr\/au-programme\/expositions-temporaires\/pasteur-lexperimentateur\/<\/p>\n","protected":false},"excerpt":{"rendered":"<p>Alfred, un mouton d&rsquo;Eure et Loir meurt subitement d&rsquo;un mal myst\u00e9rieux &#8230; Louis Pasteur vient enqu\u00eater sur place. Un film d&rsquo;animation enti\u00e8rement r\u00e9alis\u00e9 en LAINE sous toutes ses formes (et tourn\u00e9 en stop motion). vid\u00e9o-mapping sur une sculpture d&rsquo;Alfred, un mouton grandeur nature. Le film raconte l&rsquo;enqu\u00eate de Louis Pasteur sur un mal myst\u00e9rieux et [&hellip;]<\/p>\n","protected":false},"author":1,"featured_media":0,"parent":99,"menu_order":0,"comment_status":"closed","ping_status":"closed","template":"","meta":{"footnotes":""},"type_de_page":[],"class_list":["post-65","page","type-page","status-publish","hentry"],"_links":{"self":[{"href":"https:\/\/new.chevreaux-suprematistes.com\/index.php\/wp-json\/wp\/v2\/pages\/65","targetHints":{"allow":["GET"]}}],"collection":[{"href":"https:\/\/new.chevreaux-suprematistes.com\/index.php\/wp-json\/wp\/v2\/pages"}],"about":[{"href":"https:\/\/new.chevreaux-suprematistes.com\/index.php\/wp-json\/wp\/v2\/types\/page"}],"author":[{"embeddable":true,"href":"https:\/\/new.chevreaux-suprematistes.com\/index.php\/wp-json\/wp\/v2\/users\/1"}],"replies":[{"embeddable":true,"href":"https:\/\/new.chevreaux-suprematistes.com\/index.php\/wp-json\/wp\/v2\/comments?post=65"}],"version-history":[{"count":1,"href":"https:\/\/new.chevreaux-suprematistes.com\/index.php\/wp-json\/wp\/v2\/pages\/65\/revisions"}],"predecessor-version":[{"id":86,"href":"https:\/\/new.chevreaux-suprematistes.com\/index.php\/wp-json\/wp\/v2\/pages\/65\/revisions\/86"}],"up":[{"embeddable":true,"href":"https:\/\/new.chevreaux-suprematistes.com\/index.php\/wp-json\/wp\/v2\/pages\/99"}],"wp:attachment":[{"href":"https:\/\/new.chevreaux-suprematistes.com\/index.php\/wp-json\/wp\/v2\/media?parent=65"}],"wp:term":[{"taxonomy":"type_de_page","embeddable":true,"href":"https:\/\/new.chevreaux-suprematistes.com\/index.php\/wp-json\/wp\/v2\/type_de_page?post=65"}],"curies":[{"name":"wp","href":"https:\/\/api.w.org\/{rel}","templated":true}]}}