{"id":62,"date":"2016-02-05T16:45:15","date_gmt":"2016-02-05T15:45:15","guid":{"rendered":"https:\/\/new.chevreaux-suprematistes.com\/index.php\/los-et-le-monolithe-2\/"},"modified":"2023-09-26T10:07:15","modified_gmt":"2023-09-26T08:07:15","slug":"los-et-le-monolithe-2","status":"publish","type":"page","link":"https:\/\/new.chevreaux-suprematistes.com\/index.php\/scenographies-ou-installations-scenographiques\/los-et-le-monolithe-2\/","title":{"rendered":"L&rsquo;os et le monolithe"},"content":{"rendered":"<p>Dans le tout nouveau Mus\u00e9e de l&rsquo;Homme, nous avons r\u00e9alis\u00e9 cette installation qui conclue le parcours permanent. Il pose la question du devenir de l&rsquo;humanit\u00e9 \u00e0 partir d&rsquo;informations sur la g\u00e9n\u00e9tique des populations. Et met en relation l&rsquo;homme \u00e0 son environnement.<\/p>\n\n\n<figure class=\"wp-block-image\"><a href=\"https:\/\/chevreaux-suprematistes.com\/local\/cache-vignettes\/L1467xH1100\/img_1218-ade4e.jpg?1602069218\"><img decoding=\"async\" src=\"https:\/\/chevreaux-suprematistes.com\/local\/cache-gd2\/b4\/30071dc071f0a6a2f46f7d574c835d.jpg?1602069583\" alt=\"\"\/><\/a><\/figure>\n\n\n\n<figure class=\"wp-block-image\"><a href=\"https:\/\/chevreaux-suprematistes.com\/local\/cache-vignettes\/L1467xH1100\/img_1216-eb8d4.jpg?1602069219\"><img decoding=\"async\" src=\"https:\/\/chevreaux-suprematistes.com\/local\/cache-gd2\/7a\/73ebd3d7ad397ff38893e4d9e0bdb3.jpg?1602069692\" alt=\"\"\/><\/a><\/figure>\n\n\n\n<figure class=\"wp-block-image\"><a href=\"https:\/\/chevreaux-suprematistes.com\/local\/cache-vignettes\/L825xH1100\/img_1206c-2faae.jpg?1602069289\"><img decoding=\"async\" src=\"https:\/\/chevreaux-suprematistes.com\/local\/cache-gd2\/b3\/008bda0e0563745f336a2efea4879b.jpg?1602069581\" alt=\"\"\/><\/a><\/figure>\n\n\n\n<figure class=\"wp-block-image\"><a href=\"https:\/\/chevreaux-suprematistes.com\/local\/cache-vignettes\/L825xH1100\/img_1229-8d94f.jpg?1602069295\"><img decoding=\"async\" src=\"https:\/\/chevreaux-suprematistes.com\/local\/cache-gd2\/35\/e28c1f6f254ab4a9138aaf0c22e109.jpg?1602069558\" alt=\"\"\/><\/a><\/figure>\n\n\n\n<figure class=\"wp-block-image\"><a href=\"https:\/\/chevreaux-suprematistes.com\/local\/cache-vignettes\/L1467xH1100\/img_1223-53899.jpg?1602069217\"><img decoding=\"async\" src=\"https:\/\/chevreaux-suprematistes.com\/local\/cache-gd2\/c4\/71a66b3b9f096e275c3735a98628d5.jpg?1602069659\" alt=\"\"\/><\/a><\/figure>\n\n\n\n<h1 class=\"wp-block-heading\">L\u2019os et le monolithe<\/h1>\n\n\n\n<p>Mus\u00e9e de l\u2019Homme, parcours permanent.<\/p>\n\n\n\n<p>Dans le tout nouveau Mus\u00e9e de l\u2019Homme, nous avons r\u00e9alis\u00e9 cette installation qui conclue le parcours permanent. Il pose la question du devenir de l\u2019humanit\u00e9 \u00e0 partir d\u2019informations sur la g\u00e9n\u00e9tique des populations. Et met en relation l\u2019homme \u00e0 son environnement.<\/p>\n","protected":false},"excerpt":{"rendered":"<p>Dans le tout nouveau Mus\u00e9e de l&rsquo;Homme, nous avons r\u00e9alis\u00e9 cette installation qui conclue le parcours permanent. Il pose la question du devenir de l&rsquo;humanit\u00e9 \u00e0 partir d&rsquo;informations sur la g\u00e9n\u00e9tique des populations. Et met en relation l&rsquo;homme \u00e0 son environnement. L\u2019os et le monolithe Mus\u00e9e de l\u2019Homme, parcours permanent. Dans le tout nouveau Mus\u00e9e [&hellip;]<\/p>\n","protected":false},"author":1,"featured_media":0,"parent":107,"menu_order":0,"comment_status":"open","ping_status":"closed","template":"","meta":{"footnotes":""},"type_de_page":[],"class_list":["post-62","page","type-page","status-publish","hentry"],"_links":{"self":[{"href":"https:\/\/new.chevreaux-suprematistes.com\/index.php\/wp-json\/wp\/v2\/pages\/62","targetHints":{"allow":["GET"]}}],"collection":[{"href":"https:\/\/new.chevreaux-suprematistes.com\/index.php\/wp-json\/wp\/v2\/pages"}],"about":[{"href":"https:\/\/new.chevreaux-suprematistes.com\/index.php\/wp-json\/wp\/v2\/types\/page"}],"author":[{"embeddable":true,"href":"https:\/\/new.chevreaux-suprematistes.com\/index.php\/wp-json\/wp\/v2\/users\/1"}],"replies":[{"embeddable":true,"href":"https:\/\/new.chevreaux-suprematistes.com\/index.php\/wp-json\/wp\/v2\/comments?post=62"}],"version-history":[{"count":2,"href":"https:\/\/new.chevreaux-suprematistes.com\/index.php\/wp-json\/wp\/v2\/pages\/62\/revisions"}],"predecessor-version":[{"id":137,"href":"https:\/\/new.chevreaux-suprematistes.com\/index.php\/wp-json\/wp\/v2\/pages\/62\/revisions\/137"}],"up":[{"embeddable":true,"href":"https:\/\/new.chevreaux-suprematistes.com\/index.php\/wp-json\/wp\/v2\/pages\/107"}],"wp:attachment":[{"href":"https:\/\/new.chevreaux-suprematistes.com\/index.php\/wp-json\/wp\/v2\/media?parent=62"}],"wp:term":[{"taxonomy":"type_de_page","embeddable":true,"href":"https:\/\/new.chevreaux-suprematistes.com\/index.php\/wp-json\/wp\/v2\/type_de_page?post=62"}],"curies":[{"name":"wp","href":"https:\/\/api.w.org\/{rel}","templated":true}]}}