{"id":61,"date":"2016-02-05T12:00:16","date_gmt":"2016-02-05T11:00:16","guid":{"rendered":"https:\/\/new.chevreaux-suprematistes.com\/index.php\/michel-et-la-cryptographie\/"},"modified":"2023-09-22T16:39:35","modified_gmt":"2023-09-22T14:39:35","slug":"michel-et-la-cryptographie","status":"publish","type":"page","link":"https:\/\/new.chevreaux-suprematistes.com\/index.php\/videos\/michel-et-la-cryptographie\/","title":{"rendered":"Michel et la cryptographie"},"content":{"rendered":"<p>Dans le cadre d&rsquo;une exposition temporaire sur la \u00ab\u00a0carte \u00e0 puce\u00a0\u00bb au Mus\u00e9e des Arts et M\u00e9tiers \u00e0 Paris, nous avons r\u00e9alis\u00e9 ce petit film sur les techniques, enjeux et l&rsquo;histoire de la \u00ab\u00a0cryptographie\u00a0\u00bb qui est l&rsquo;art de dissimuler des messages et de cr\u00e9er des codes secrets.<br \/>\nLa cryptographie est une discipline dont les enjeux sont plus que d&rsquo;actualit\u00e9 \u00e0 travers les cartes \u00e0 puces et internet, mais la complexit\u00e9 de ses techniques et des ses enjeux rendent le sujet difficile \u00e0 transmettre au grand public.<\/p>\n<p>Gr\u00e2ce \u00e0 Michel, vous allez enfin en comprendre une petite part&#8230;<\/p>\n","protected":false},"excerpt":{"rendered":"<p>Dans le cadre d&rsquo;une exposition temporaire sur la \u00ab\u00a0carte \u00e0 puce\u00a0\u00bb au Mus\u00e9e des Arts et M\u00e9tiers \u00e0 Paris, nous avons r\u00e9alis\u00e9 ce petit film sur les techniques, enjeux et l&rsquo;histoire de la \u00ab\u00a0cryptographie\u00a0\u00bb qui est l&rsquo;art de dissimuler des messages et de cr\u00e9er des codes secrets. La cryptographie est une discipline dont les enjeux [&hellip;]<\/p>\n","protected":false},"author":1,"featured_media":0,"parent":99,"menu_order":0,"comment_status":"closed","ping_status":"closed","template":"","meta":{"footnotes":""},"type_de_page":[],"class_list":["post-61","page","type-page","status-publish","hentry"],"_links":{"self":[{"href":"https:\/\/new.chevreaux-suprematistes.com\/index.php\/wp-json\/wp\/v2\/pages\/61","targetHints":{"allow":["GET"]}}],"collection":[{"href":"https:\/\/new.chevreaux-suprematistes.com\/index.php\/wp-json\/wp\/v2\/pages"}],"about":[{"href":"https:\/\/new.chevreaux-suprematistes.com\/index.php\/wp-json\/wp\/v2\/types\/page"}],"author":[{"embeddable":true,"href":"https:\/\/new.chevreaux-suprematistes.com\/index.php\/wp-json\/wp\/v2\/users\/1"}],"replies":[{"embeddable":true,"href":"https:\/\/new.chevreaux-suprematistes.com\/index.php\/wp-json\/wp\/v2\/comments?post=61"}],"version-history":[{"count":1,"href":"https:\/\/new.chevreaux-suprematistes.com\/index.php\/wp-json\/wp\/v2\/pages\/61\/revisions"}],"predecessor-version":[{"id":89,"href":"https:\/\/new.chevreaux-suprematistes.com\/index.php\/wp-json\/wp\/v2\/pages\/61\/revisions\/89"}],"up":[{"embeddable":true,"href":"https:\/\/new.chevreaux-suprematistes.com\/index.php\/wp-json\/wp\/v2\/pages\/99"}],"wp:attachment":[{"href":"https:\/\/new.chevreaux-suprematistes.com\/index.php\/wp-json\/wp\/v2\/media?parent=61"}],"wp:term":[{"taxonomy":"type_de_page","embeddable":true,"href":"https:\/\/new.chevreaux-suprematistes.com\/index.php\/wp-json\/wp\/v2\/type_de_page?post=61"}],"curies":[{"name":"wp","href":"https:\/\/api.w.org\/{rel}","templated":true}]}}