{"id":6,"date":"2011-10-22T17:21:49","date_gmt":"2011-10-22T15:21:49","guid":{"rendered":"https:\/\/new.chevreaux-suprematistes.com\/index.php\/legeres-perturbations-en-centre-gaule\/"},"modified":"2023-09-22T16:39:35","modified_gmt":"2023-09-22T14:39:35","slug":"legeres-perturbations-en-centre-gaule","status":"publish","type":"page","link":"https:\/\/new.chevreaux-suprematistes.com\/index.php\/videos\/legeres-perturbations-en-centre-gaule\/","title":{"rendered":"L\u00e9g\u00e8res perturbations en Centre-Gaule"},"content":{"rendered":"<p>Derni\u00e8re partie de l&rsquo;exposition <em>\u00ab\u00a0Gaulois, une expo renservante\u00a0\u00bb<\/em> \u00e0 la <em>Cit\u00e9 des Sciences et de l&rsquo;Industrie<\/em>, cette fiction-documentaire relate la vie de Cotos, un noble guerrier gaulois, dans sa ferme puis \u00e0 l&rsquo;oppidum de Bibracte, la cit\u00e9 voisine car il doit aller voter au sanctuaire.<br \/>\nPourtant son servant d&rsquo;arme, Desprogiagos semble chamboul\u00e9 : sa tranquille vie est parasit\u00e9e par une voix (off) et des d\u00e9placements (transitions vid\u00e9os) dans lesquels il se trouve intempestivement entrain\u00e9  &#8230;<br \/>\nSeraient-ils coinc\u00e9s dans un film p\u00e9dagogique sur les Gaulois ?<\/p>\n<p>Le film <em>L\u00e9g\u00e8res perturbations en Centre-Gaule<\/em>, 15 mn, concluait l&rsquo;exposition ouverte jusqu&rsquo;en septembre 2012. <\/p>\n<p>Visible ici : le film (version mono \u00e9cran) puis la bande annonce du film et un making off photographique.<\/p>\n","protected":false},"excerpt":{"rendered":"<p>Derni\u00e8re partie de l&rsquo;exposition \u00ab\u00a0Gaulois, une expo renservante\u00a0\u00bb \u00e0 la Cit\u00e9 des Sciences et de l&rsquo;Industrie, cette fiction-documentaire relate la vie de Cotos, un noble guerrier gaulois, dans sa ferme puis \u00e0 l&rsquo;oppidum de Bibracte, la cit\u00e9 voisine car il doit aller voter au sanctuaire. Pourtant son servant d&rsquo;arme, Desprogiagos semble chamboul\u00e9 : sa tranquille [&hellip;]<\/p>\n","protected":false},"author":1,"featured_media":0,"parent":99,"menu_order":0,"comment_status":"closed","ping_status":"closed","template":"","meta":{"footnotes":""},"type_de_page":[],"class_list":["post-6","page","type-page","status-publish","hentry"],"_links":{"self":[{"href":"https:\/\/new.chevreaux-suprematistes.com\/index.php\/wp-json\/wp\/v2\/pages\/6","targetHints":{"allow":["GET"]}}],"collection":[{"href":"https:\/\/new.chevreaux-suprematistes.com\/index.php\/wp-json\/wp\/v2\/pages"}],"about":[{"href":"https:\/\/new.chevreaux-suprematistes.com\/index.php\/wp-json\/wp\/v2\/types\/page"}],"author":[{"embeddable":true,"href":"https:\/\/new.chevreaux-suprematistes.com\/index.php\/wp-json\/wp\/v2\/users\/1"}],"replies":[{"embeddable":true,"href":"https:\/\/new.chevreaux-suprematistes.com\/index.php\/wp-json\/wp\/v2\/comments?post=6"}],"version-history":[{"count":1,"href":"https:\/\/new.chevreaux-suprematistes.com\/index.php\/wp-json\/wp\/v2\/pages\/6\/revisions"}],"predecessor-version":[{"id":97,"href":"https:\/\/new.chevreaux-suprematistes.com\/index.php\/wp-json\/wp\/v2\/pages\/6\/revisions\/97"}],"up":[{"embeddable":true,"href":"https:\/\/new.chevreaux-suprematistes.com\/index.php\/wp-json\/wp\/v2\/pages\/99"}],"wp:attachment":[{"href":"https:\/\/new.chevreaux-suprematistes.com\/index.php\/wp-json\/wp\/v2\/media?parent=6"}],"wp:term":[{"taxonomy":"type_de_page","embeddable":true,"href":"https:\/\/new.chevreaux-suprematistes.com\/index.php\/wp-json\/wp\/v2\/type_de_page?post=6"}],"curies":[{"name":"wp","href":"https:\/\/api.w.org\/{rel}","templated":true}]}}