{"id":58,"date":"2015-04-20T09:53:30","date_gmt":"2015-04-20T07:53:30","guid":{"rendered":"https:\/\/new.chevreaux-suprematistes.com\/index.php\/menaces-sur-les-grands-singes\/"},"modified":"2023-09-22T16:37:07","modified_gmt":"2023-09-22T14:37:07","slug":"menaces-sur-les-grands-singes","status":"publish","type":"page","link":"https:\/\/new.chevreaux-suprematistes.com\/index.php\/videos\/menaces-sur-les-grands-singes\/","title":{"rendered":"Menaces sur les Grands singes"},"content":{"rendered":"<p>Saviez vous que votre t\u00e9l\u00e9phone a probablement tu\u00e9 un gorille au Congo et que la p\u00e2te \u00e0 tartiner de vos enfants d\u00e9cime les orang-outang de Born\u00e9o ?<br \/>\nDans l&rsquo;exposition \u00abSur la piste des Grands Singes\u00bb, nous avons r\u00e9alis\u00e9 les 5 films relatant les menaces de notre consommation sur la vie et l&rsquo;environnement des grands singes (Gorilles, Chimpanz\u00e9s et Oran Outangs).<\/p>\n<p>Parquet exotique, t\u00e9l\u00e9phone portable et huile de palme &#8230; autant de produits qui peuvent tuer des grands singes si on ne choisi pas bien ceux l&rsquo;on consomme.<\/p>\n<p>Extraits et photos pr\u00e9sent\u00e9s sur notre site. Films entiers \u00e0 voir dans l&rsquo;exposition jusqu&rsquo;au 21 mars 2016, au jardin des plantes. Films r\u00e9alis\u00e9s en stop motion et animation.<\/p>\n<p>pour en savoir plus : http:\/\/www.mnhn.fr\/fr\/grands-singes<\/p>\n","protected":false},"excerpt":{"rendered":"<p>Saviez vous que votre t\u00e9l\u00e9phone a probablement tu\u00e9 un gorille au Congo et que la p\u00e2te \u00e0 tartiner de vos enfants d\u00e9cime les orang-outang de Born\u00e9o ? Dans l&rsquo;exposition \u00abSur la piste des Grands Singes\u00bb, nous avons r\u00e9alis\u00e9 les 5 films relatant les menaces de notre consommation sur la vie et l&rsquo;environnement des grands singes [&hellip;]<\/p>\n","protected":false},"author":1,"featured_media":0,"parent":99,"menu_order":0,"comment_status":"closed","ping_status":"closed","template":"","meta":{"footnotes":""},"type_de_page":[],"class_list":["post-58","page","type-page","status-publish","hentry"],"_links":{"self":[{"href":"https:\/\/new.chevreaux-suprematistes.com\/index.php\/wp-json\/wp\/v2\/pages\/58","targetHints":{"allow":["GET"]}}],"collection":[{"href":"https:\/\/new.chevreaux-suprematistes.com\/index.php\/wp-json\/wp\/v2\/pages"}],"about":[{"href":"https:\/\/new.chevreaux-suprematistes.com\/index.php\/wp-json\/wp\/v2\/types\/page"}],"author":[{"embeddable":true,"href":"https:\/\/new.chevreaux-suprematistes.com\/index.php\/wp-json\/wp\/v2\/users\/1"}],"replies":[{"embeddable":true,"href":"https:\/\/new.chevreaux-suprematistes.com\/index.php\/wp-json\/wp\/v2\/comments?post=58"}],"version-history":[{"count":1,"href":"https:\/\/new.chevreaux-suprematistes.com\/index.php\/wp-json\/wp\/v2\/pages\/58\/revisions"}],"predecessor-version":[{"id":90,"href":"https:\/\/new.chevreaux-suprematistes.com\/index.php\/wp-json\/wp\/v2\/pages\/58\/revisions\/90"}],"up":[{"embeddable":true,"href":"https:\/\/new.chevreaux-suprematistes.com\/index.php\/wp-json\/wp\/v2\/pages\/99"}],"wp:attachment":[{"href":"https:\/\/new.chevreaux-suprematistes.com\/index.php\/wp-json\/wp\/v2\/media?parent=58"}],"wp:term":[{"taxonomy":"type_de_page","embeddable":true,"href":"https:\/\/new.chevreaux-suprematistes.com\/index.php\/wp-json\/wp\/v2\/type_de_page?post=58"}],"curies":[{"name":"wp","href":"https:\/\/api.w.org\/{rel}","templated":true}]}}