{"id":53,"date":"2016-02-05T12:01:04","date_gmt":"2016-02-05T11:01:04","guid":{"rendered":"https:\/\/new.chevreaux-suprematistes.com\/index.php\/6d-cerveau-social-conf\/"},"modified":"2023-09-22T16:37:07","modified_gmt":"2023-09-22T14:37:07","slug":"6d-cerveau-social-conf","status":"publish","type":"page","link":"https:\/\/new.chevreaux-suprematistes.com\/index.php\/videos\/6d-cerveau-social-conf\/","title":{"rendered":"6D cerveau social conf."},"content":{"rendered":"\n<p>Dans le cadre de l&rsquo;exposition permanente \u00e0 la cit\u00e9 des sciences, une toute nouvelle exposition est ouverte depuis l&rsquo;automne 2014 : \u00abC3RV34U, l&rsquo;expo neuroludique\u00bb<\/p>\n\n\n\n<p>Nous avons r\u00e9alis\u00e9 le film\/spectacle de la troisi\u00e8me partie de l&rsquo;expo, dont le th\u00e8me est <strong>le cerveau social.<\/strong><br>\nUne conf\u00e9rence film\u00e9e qui vous fera voyager jusque dans le cerveau de Jean Fran\u00e7ois, l&rsquo;un des cobayes qui se pr\u00eate aux exp\u00e9riences participatives \u00ab6D cerveau social conf\u00bb.<\/p>\n\n\n\n<p>A visiter tous les jours du mardi au dimanche de 10 h \u00e018 h.<br> <a href=\"http:\/\/www.cite-sciences.fr\/fr\/au-programme\/expos-permanentes\/expos-permanentes-dexplora\/cerveau\/\">En savoir +<\/a><\/p>\n","protected":false},"excerpt":{"rendered":"<p>Dans le cadre de l&rsquo;exposition permanente \u00e0 la cit\u00e9 des sciences, une toute nouvelle exposition est ouverte depuis l&rsquo;automne 2014 : \u00abC3RV34U, l&rsquo;expo neuroludique\u00bb Nous avons r\u00e9alis\u00e9 le film\/spectacle de la troisi\u00e8me partie de l&rsquo;expo, dont le th\u00e8me est le cerveau social. Une conf\u00e9rence film\u00e9e qui vous fera voyager jusque dans le cerveau de Jean [&hellip;]<\/p>\n","protected":false},"author":1,"featured_media":0,"parent":99,"menu_order":0,"comment_status":"closed","ping_status":"closed","template":"","meta":{"footnotes":""},"type_de_page":[],"class_list":["post-53","page","type-page","status-publish","hentry"],"_links":{"self":[{"href":"https:\/\/new.chevreaux-suprematistes.com\/index.php\/wp-json\/wp\/v2\/pages\/53","targetHints":{"allow":["GET"]}}],"collection":[{"href":"https:\/\/new.chevreaux-suprematistes.com\/index.php\/wp-json\/wp\/v2\/pages"}],"about":[{"href":"https:\/\/new.chevreaux-suprematistes.com\/index.php\/wp-json\/wp\/v2\/types\/page"}],"author":[{"embeddable":true,"href":"https:\/\/new.chevreaux-suprematistes.com\/index.php\/wp-json\/wp\/v2\/users\/1"}],"replies":[{"embeddable":true,"href":"https:\/\/new.chevreaux-suprematistes.com\/index.php\/wp-json\/wp\/v2\/comments?post=53"}],"version-history":[{"count":2,"href":"https:\/\/new.chevreaux-suprematistes.com\/index.php\/wp-json\/wp\/v2\/pages\/53\/revisions"}],"predecessor-version":[{"id":79,"href":"https:\/\/new.chevreaux-suprematistes.com\/index.php\/wp-json\/wp\/v2\/pages\/53\/revisions\/79"}],"up":[{"embeddable":true,"href":"https:\/\/new.chevreaux-suprematistes.com\/index.php\/wp-json\/wp\/v2\/pages\/99"}],"wp:attachment":[{"href":"https:\/\/new.chevreaux-suprematistes.com\/index.php\/wp-json\/wp\/v2\/media?parent=53"}],"wp:term":[{"taxonomy":"type_de_page","embeddable":true,"href":"https:\/\/new.chevreaux-suprematistes.com\/index.php\/wp-json\/wp\/v2\/type_de_page?post=53"}],"curies":[{"name":"wp","href":"https:\/\/api.w.org\/{rel}","templated":true}]}}