{"id":52,"date":"2015-03-23T12:39:30","date_gmt":"2015-03-23T11:39:30","guid":{"rendered":"https:\/\/new.chevreaux-suprematistes.com\/index.php\/le-machiniste-et-le-tableautiste\/"},"modified":"2023-09-22T16:39:35","modified_gmt":"2023-09-22T14:39:35","slug":"le-machiniste-et-le-tableautiste","status":"publish","type":"page","link":"https:\/\/new.chevreaux-suprematistes.com\/index.php\/videos\/le-machiniste-et-le-tableautiste\/","title":{"rendered":"Le Machiniste et le tableautiste"},"content":{"rendered":"<p>Le mus\u00e9e HYDRELEC pr\u00e9sente un tout nouveau parcours mus\u00e9ographique dont nous avons r\u00e9alis\u00e9 le spectacle audiovisuel.<\/p>\n<p>Les films mettent en valeur le r\u00f4le central des hommes (le machiniste et le tableautiste) dans la mise en marche des centrales hydro\u00e9lectrique au si\u00e8cle dernier : leur attention pour leurs machines et la tension du moment du couplage au r\u00e9seau. <\/p>\n<p>Les deux films  sont projett\u00e9s (un vertical \/ un horizontal) pour animer la salle des machines au sous sol du mus\u00e9e. Chaque demi heure, c&rsquo;est comme si une petite centrale hydro\u00e9lectrique se mettait en route &#8230; \u00e0 l&rsquo;\u00e9poque des d\u00e9buts du cin\u00e9ma.<br \/>\nLa bande sonore mixe des sons des centrales voisines \u00e0 une composition pour piano. La mise en lumi\u00e8re des tr\u00e8s belles turbines expos\u00e9es est coupl\u00e9e au spectacle. Les films mixent la technique du stop motion traditionnel en studio photo et tournage sur fond vert.<\/p>\n<p>pour en savoir plus : http:\/\/www.musee-edf-hydrelec.com<\/p>\n","protected":false},"excerpt":{"rendered":"<p>Le mus\u00e9e HYDRELEC pr\u00e9sente un tout nouveau parcours mus\u00e9ographique dont nous avons r\u00e9alis\u00e9 le spectacle audiovisuel. Les films mettent en valeur le r\u00f4le central des hommes (le machiniste et le tableautiste) dans la mise en marche des centrales hydro\u00e9lectrique au si\u00e8cle dernier : leur attention pour leurs machines et la tension du moment du couplage [&hellip;]<\/p>\n","protected":false},"author":1,"featured_media":0,"parent":99,"menu_order":0,"comment_status":"closed","ping_status":"closed","template":"","meta":{"footnotes":""},"type_de_page":[],"class_list":["post-52","page","type-page","status-publish","hentry"],"_links":{"self":[{"href":"https:\/\/new.chevreaux-suprematistes.com\/index.php\/wp-json\/wp\/v2\/pages\/52","targetHints":{"allow":["GET"]}}],"collection":[{"href":"https:\/\/new.chevreaux-suprematistes.com\/index.php\/wp-json\/wp\/v2\/pages"}],"about":[{"href":"https:\/\/new.chevreaux-suprematistes.com\/index.php\/wp-json\/wp\/v2\/types\/page"}],"author":[{"embeddable":true,"href":"https:\/\/new.chevreaux-suprematistes.com\/index.php\/wp-json\/wp\/v2\/users\/1"}],"replies":[{"embeddable":true,"href":"https:\/\/new.chevreaux-suprematistes.com\/index.php\/wp-json\/wp\/v2\/comments?post=52"}],"version-history":[{"count":1,"href":"https:\/\/new.chevreaux-suprematistes.com\/index.php\/wp-json\/wp\/v2\/pages\/52\/revisions"}],"predecessor-version":[{"id":91,"href":"https:\/\/new.chevreaux-suprematistes.com\/index.php\/wp-json\/wp\/v2\/pages\/52\/revisions\/91"}],"up":[{"embeddable":true,"href":"https:\/\/new.chevreaux-suprematistes.com\/index.php\/wp-json\/wp\/v2\/pages\/99"}],"wp:attachment":[{"href":"https:\/\/new.chevreaux-suprematistes.com\/index.php\/wp-json\/wp\/v2\/media?parent=52"}],"wp:term":[{"taxonomy":"type_de_page","embeddable":true,"href":"https:\/\/new.chevreaux-suprematistes.com\/index.php\/wp-json\/wp\/v2\/type_de_page?post=52"}],"curies":[{"name":"wp","href":"https:\/\/api.w.org\/{rel}","templated":true}]}}