{"id":51,"date":"2020-01-22T16:37:41","date_gmt":"2020-01-22T15:37:41","guid":{"rendered":"https:\/\/new.chevreaux-suprematistes.com\/index.php\/un-theatre-optique-exposition-meteorites\/"},"modified":"2023-09-22T16:37:07","modified_gmt":"2023-09-22T14:37:07","slug":"un-theatre-optique-exposition-meteorites","status":"publish","type":"page","link":"https:\/\/new.chevreaux-suprematistes.com\/index.php\/videos\/un-theatre-optique-exposition-meteorites\/","title":{"rendered":"Un th\u00e9\u00e2tre optique &#8211; Exposition \u00ab\u00a0M\u00e9t\u00e9orites\u00a0\u00bb"},"content":{"rendered":"<p>Un hologramme vous raconte comment les scientifiques sont pass\u00e9s \u00ab\u00a0du doute aux preuves\u00a0\u00bb entre 1870 et 1890 \u00e0 propos des m\u00e9t\u00e9orites.  Et comment de simples paysans furent, un moment, mieux renseign\u00e9s qu&rsquo;eux gr\u00e2ce \u00e0 leur observations. <\/p>\n<p>Maquette et film type th\u00e9\u00e2tre optique\/pepper ghost.<\/p>\n<p>Exposistion prolong\u00e9e jusqu&rsquo;au 6 janvier 2019 <\/p>\n<p><a href=\"article45.html\">En savoir plus<\/a><br \/>\nhttp:\/\/www.grandegaleriedelevolution.fr\/fr\/preparez-votre-visite\/agenda\/exposition\/meteorites-entre-ciel-terre<\/p>\n","protected":false},"excerpt":{"rendered":"<p>Un hologramme vous raconte comment les scientifiques sont pass\u00e9s \u00ab\u00a0du doute aux preuves\u00a0\u00bb entre 1870 et 1890 \u00e0 propos des m\u00e9t\u00e9orites. Et comment de simples paysans furent, un moment, mieux renseign\u00e9s qu&rsquo;eux gr\u00e2ce \u00e0 leur observations. Maquette et film type th\u00e9\u00e2tre optique\/pepper ghost. Exposistion prolong\u00e9e jusqu&rsquo;au 6 janvier 2019 En savoir plus http:\/\/www.grandegaleriedelevolution.fr\/fr\/preparez-votre-visite\/agenda\/exposition\/meteorites-entre-ciel-terre<\/p>\n","protected":false},"author":1,"featured_media":0,"parent":99,"menu_order":0,"comment_status":"open","ping_status":"closed","template":"","meta":{"footnotes":""},"type_de_page":[],"class_list":["post-51","page","type-page","status-publish","hentry"],"_links":{"self":[{"href":"https:\/\/new.chevreaux-suprematistes.com\/index.php\/wp-json\/wp\/v2\/pages\/51","targetHints":{"allow":["GET"]}}],"collection":[{"href":"https:\/\/new.chevreaux-suprematistes.com\/index.php\/wp-json\/wp\/v2\/pages"}],"about":[{"href":"https:\/\/new.chevreaux-suprematistes.com\/index.php\/wp-json\/wp\/v2\/types\/page"}],"author":[{"embeddable":true,"href":"https:\/\/new.chevreaux-suprematistes.com\/index.php\/wp-json\/wp\/v2\/users\/1"}],"replies":[{"embeddable":true,"href":"https:\/\/new.chevreaux-suprematistes.com\/index.php\/wp-json\/wp\/v2\/comments?post=51"}],"version-history":[{"count":1,"href":"https:\/\/new.chevreaux-suprematistes.com\/index.php\/wp-json\/wp\/v2\/pages\/51\/revisions"}],"predecessor-version":[{"id":101,"href":"https:\/\/new.chevreaux-suprematistes.com\/index.php\/wp-json\/wp\/v2\/pages\/51\/revisions\/101"}],"up":[{"embeddable":true,"href":"https:\/\/new.chevreaux-suprematistes.com\/index.php\/wp-json\/wp\/v2\/pages\/99"}],"wp:attachment":[{"href":"https:\/\/new.chevreaux-suprematistes.com\/index.php\/wp-json\/wp\/v2\/media?parent=51"}],"wp:term":[{"taxonomy":"type_de_page","embeddable":true,"href":"https:\/\/new.chevreaux-suprematistes.com\/index.php\/wp-json\/wp\/v2\/type_de_page?post=51"}],"curies":[{"name":"wp","href":"https:\/\/api.w.org\/{rel}","templated":true}]}}