{"id":50,"date":"2015-05-26T16:42:00","date_gmt":"2015-05-26T14:42:00","guid":{"rendered":"https:\/\/new.chevreaux-suprematistes.com\/index.php\/creed\/"},"modified":"2023-09-22T16:37:07","modified_gmt":"2023-09-22T14:37:07","slug":"creed","status":"publish","type":"page","link":"https:\/\/new.chevreaux-suprematistes.com\/index.php\/videos\/creed\/","title":{"rendered":"Creed"},"content":{"rendered":"<p>Nous avons r\u00e9alis\u00e9 les vitrines de l&rsquo;\u00e9t\u00e9 et de n\u00f6el 2013, puis du printemps et noel 2015 pour la maison de parfum Creed.<\/p>\n<p>Les \u00ab\u00a0vol\u00fbtes\u00a0\u00bb, les \u00ab\u00a0grandes roues\u00a0\u00bb, les \u00ab\u00a0fleurs\u00a0\u00bb et la \u00ab\u00a0montagne\u00a0\u00bb ont \u00e9t\u00e9 expos\u00e9es dans la boutique historique avenue Pierre 1er de Serbie et rue des saint p\u00e8re.<br \/>\nLes \u00ab\u00a0grandes roues\u00a0\u00bb et la \u00ab\u00a0montagne\u00a0\u00bb sont m\u00e9canis\u00e9es.<\/p>\n<p>Creed :<br \/>\n74 rue des Saint P\u00e8res, Paris 7 \u00e8me<br \/>\n38 avenue Pierre Premier de Serie, Paris 8 \u00e8me<\/p>\n","protected":false},"excerpt":{"rendered":"<p>Nous avons r\u00e9alis\u00e9 les vitrines de l&rsquo;\u00e9t\u00e9 et de n\u00f6el 2013, puis du printemps et noel 2015 pour la maison de parfum Creed. Les \u00ab\u00a0vol\u00fbtes\u00a0\u00bb, les \u00ab\u00a0grandes roues\u00a0\u00bb, les \u00ab\u00a0fleurs\u00a0\u00bb et la \u00ab\u00a0montagne\u00a0\u00bb ont \u00e9t\u00e9 expos\u00e9es dans la boutique historique avenue Pierre 1er de Serbie et rue des saint p\u00e8re. Les \u00ab\u00a0grandes roues\u00a0\u00bb et la [&hellip;]<\/p>\n","protected":false},"author":1,"featured_media":0,"parent":99,"menu_order":0,"comment_status":"open","ping_status":"closed","template":"","meta":{"footnotes":""},"type_de_page":[],"class_list":["post-50","page","type-page","status-publish","hentry"],"_links":{"self":[{"href":"https:\/\/new.chevreaux-suprematistes.com\/index.php\/wp-json\/wp\/v2\/pages\/50","targetHints":{"allow":["GET"]}}],"collection":[{"href":"https:\/\/new.chevreaux-suprematistes.com\/index.php\/wp-json\/wp\/v2\/pages"}],"about":[{"href":"https:\/\/new.chevreaux-suprematistes.com\/index.php\/wp-json\/wp\/v2\/types\/page"}],"author":[{"embeddable":true,"href":"https:\/\/new.chevreaux-suprematistes.com\/index.php\/wp-json\/wp\/v2\/users\/1"}],"replies":[{"embeddable":true,"href":"https:\/\/new.chevreaux-suprematistes.com\/index.php\/wp-json\/wp\/v2\/comments?post=50"}],"version-history":[{"count":1,"href":"https:\/\/new.chevreaux-suprematistes.com\/index.php\/wp-json\/wp\/v2\/pages\/50\/revisions"}],"predecessor-version":[{"id":103,"href":"https:\/\/new.chevreaux-suprematistes.com\/index.php\/wp-json\/wp\/v2\/pages\/50\/revisions\/103"}],"up":[{"embeddable":true,"href":"https:\/\/new.chevreaux-suprematistes.com\/index.php\/wp-json\/wp\/v2\/pages\/99"}],"wp:attachment":[{"href":"https:\/\/new.chevreaux-suprematistes.com\/index.php\/wp-json\/wp\/v2\/media?parent=50"}],"wp:term":[{"taxonomy":"type_de_page","embeddable":true,"href":"https:\/\/new.chevreaux-suprematistes.com\/index.php\/wp-json\/wp\/v2\/type_de_page?post=50"}],"curies":[{"name":"wp","href":"https:\/\/api.w.org\/{rel}","templated":true}]}}