{"id":49,"date":"2014-01-08T16:06:36","date_gmt":"2014-01-08T15:06:36","guid":{"rendered":"https:\/\/new.chevreaux-suprematistes.com\/index.php\/80-millions-de-vues\/"},"modified":"2023-09-26T10:05:54","modified_gmt":"2023-09-26T08:05:54","slug":"80-millions-de-vues","status":"publish","type":"page","link":"https:\/\/new.chevreaux-suprematistes.com\/index.php\/scenographies-ou-installations-scenographiques\/80-millions-de-vues\/","title":{"rendered":"80 millions de vues"},"content":{"rendered":"<div class=\"column\">\nDERNI\u00e8RE DATE : 29 MAI 2015.<\/p>\n<div class=\"column\">\nVoir informations dans ACTUALIT\u00e9<\/p>\n<div class=\"column\">\n<p>Des maquettes en papier, construites et manipul\u00e9es \u00e0 vue pendant le spectacle, sont film\u00e9es en direct et vid\u00e9oprojet\u00e9es comme d\u00e9cor. D&rsquo;une sc\u00e8ne \u00e0 l&rsquo;autre : une carte du Caire puis une chambre, les r\u00e9seaux sociaux, un salon, une rue, la place Tahrir et enfin Skype se d\u00e9ploient derri\u00e8re les chanteurs, comme un immense d\u00e9cor vivant.<\/p>\n<p>Dir.Artistique : Nathalie N\u00e9gro<br \/>\n<br \/>Livret : Eli Commins<br \/>\n<br \/>Musique : Alexandros Mark\u00e9as<br \/>\n<br \/>Production : Piano and Co<\/p>\n<\/div>\n<div class=\"column\">\n<p>Pitch :<br \/>\nDu 18 janvier 2012 \u00e0 aujourd&rsquo;hui, l&rsquo;histoire de Asmaa Mahfouz, une jeune \u00e9gyptienne, qui poste une vid\u00e9o sur le web appelant \u00e0 manifester Place Tahrir. Entre fiction et documentaire, l&rsquo;op\u00e9ra voyage \u00e0 travers cette actualit\u00e9 r\u00e9cente. Il m\u00e8le chant lyrique, slam et musique contemporaine pour quatre instrument, dans un d\u00e9cor construit sous les yeux des spectateurs, un espace r\u00eav\u00e9 pour le monde nouveau imagin\u00e9 place Tahrir.<\/p>\n<\/div>\n<div class=\"column\">\n<\/div>\n<div class=\"column\">\n<\/div>\n\n\n<figure class=\"wp-block-image\"><a href=\"https:\/\/chevreaux-suprematistes.com\/local\/cache-vignettes\/L1467xH1100\/img_2788-de2e0.jpg?1602069229\"><img decoding=\"async\" src=\"https:\/\/chevreaux-suprematistes.com\/local\/cache-gd2\/ce\/ccd6c4476ada4bb97f86dd2ff16ab3.jpg?1602069669\" alt=\"10tahrir.\"\/><\/a><\/figure>\n\n\n\n<figure class=\"wp-block-image\"><a href=\"https:\/\/chevreaux-suprematistes.com\/local\/cache-vignettes\/L1467xH1100\/img_2858-b5ac1.jpg?1602069226\"><img decoding=\"async\" src=\"https:\/\/chevreaux-suprematistes.com\/local\/cache-gd2\/33\/1103b4ba05402f1c77a9d70b98ffd9.jpg?1602069569\" alt=\"15 g\u00e9n\u00e9rique.\"\/><\/a><\/figure>\n\n\n\n<figure class=\"wp-block-image\"><a href=\"https:\/\/chevreaux-suprematistes.com\/local\/cache-vignettes\/L1467xH1100\/img_3028-8b29e.jpg?1602069216\"><img decoding=\"async\" src=\"https:\/\/chevreaux-suprematistes.com\/local\/cache-gd2\/c4\/8ac59625b421c1c3771a9e86b0f1f2.jpg?1602069658\" alt=\"20 caire.\"\/><\/a><\/figure>\n\n\n\n<figure class=\"wp-block-image\"><a href=\"https:\/\/chevreaux-suprematistes.com\/local\/cache-vignettes\/L1467xH1100\/img_4359-bd9a6.jpg?1602069213\"><img decoding=\"async\" src=\"https:\/\/chevreaux-suprematistes.com\/local\/cache-gd2\/1e\/ab5464ced100f7e901f6d4df5b0952.jpg?1602069675\" alt=\"25 Reseau.\"\/><\/a><\/figure>\n\n\n\n<figure class=\"wp-block-embed is-type-video is-provider-vimeo wp-block-embed-vimeo\"><div class=\"wp-block-embed__wrapper\">\n<iframe loading=\"lazy\" title=\"2013 \/ La chambre d&#039;Asmaa \/ Op\u00e9ra Villa M\u00e9diterran\u00e9e\" src=\"https:\/\/player.vimeo.com\/video\/83666923?dnt=1&amp;app_id=122963\" width=\"500\" height=\"375\" frameborder=\"0\" allow=\"autoplay; fullscreen; picture-in-picture; clipboard-write\"><\/iframe>\n<\/div><\/figure>\n","protected":false},"excerpt":{"rendered":"<p>DERNI\u00e8RE DATE : 29 MAI 2015. Voir informations dans ACTUALIT\u00e9 Des maquettes en papier, construites et manipul\u00e9es \u00e0 vue pendant le spectacle, sont film\u00e9es en direct et vid\u00e9oprojet\u00e9es comme d\u00e9cor. D&rsquo;une sc\u00e8ne \u00e0 l&rsquo;autre : une carte du Caire puis une chambre, les r\u00e9seaux sociaux, un salon, une rue, la place Tahrir et enfin Skype [&hellip;]<\/p>\n","protected":false},"author":1,"featured_media":0,"parent":107,"menu_order":0,"comment_status":"open","ping_status":"closed","template":"","meta":{"footnotes":""},"type_de_page":[],"class_list":["post-49","page","type-page","status-publish","hentry"],"_links":{"self":[{"href":"https:\/\/new.chevreaux-suprematistes.com\/index.php\/wp-json\/wp\/v2\/pages\/49","targetHints":{"allow":["GET"]}}],"collection":[{"href":"https:\/\/new.chevreaux-suprematistes.com\/index.php\/wp-json\/wp\/v2\/pages"}],"about":[{"href":"https:\/\/new.chevreaux-suprematistes.com\/index.php\/wp-json\/wp\/v2\/types\/page"}],"author":[{"embeddable":true,"href":"https:\/\/new.chevreaux-suprematistes.com\/index.php\/wp-json\/wp\/v2\/users\/1"}],"replies":[{"embeddable":true,"href":"https:\/\/new.chevreaux-suprematistes.com\/index.php\/wp-json\/wp\/v2\/comments?post=49"}],"version-history":[{"count":2,"href":"https:\/\/new.chevreaux-suprematistes.com\/index.php\/wp-json\/wp\/v2\/pages\/49\/revisions"}],"predecessor-version":[{"id":136,"href":"https:\/\/new.chevreaux-suprematistes.com\/index.php\/wp-json\/wp\/v2\/pages\/49\/revisions\/136"}],"up":[{"embeddable":true,"href":"https:\/\/new.chevreaux-suprematistes.com\/index.php\/wp-json\/wp\/v2\/pages\/107"}],"wp:attachment":[{"href":"https:\/\/new.chevreaux-suprematistes.com\/index.php\/wp-json\/wp\/v2\/media?parent=49"}],"wp:term":[{"taxonomy":"type_de_page","embeddable":true,"href":"https:\/\/new.chevreaux-suprematistes.com\/index.php\/wp-json\/wp\/v2\/type_de_page?post=49"}],"curies":[{"name":"wp","href":"https:\/\/api.w.org\/{rel}","templated":true}]}}