{"id":46,"date":"2012-07-04T12:57:02","date_gmt":"2012-07-04T10:57:02","guid":{"rendered":"https:\/\/new.chevreaux-suprematistes.com\/index.php\/bonne-annee\/"},"modified":"2012-07-04T12:57:02","modified_gmt":"2012-07-04T10:57:02","slug":"bonne-annee","status":"publish","type":"page","link":"https:\/\/new.chevreaux-suprematistes.com\/index.php\/bonne-annee\/","title":{"rendered":"Bonne Ann\u00e9e !"},"content":{"rendered":"<p>Toute l&rsquo;\u00e9quipe se joint \u00e0 moi pour vous souhaiter un tr\u00e8s bon 2014 !!!<\/p>\n","protected":false},"excerpt":{"rendered":"<p>Toute l&rsquo;\u00e9quipe se joint \u00e0 moi pour vous souhaiter un tr\u00e8s bon 2014 !!!<\/p>\n","protected":false},"author":1,"featured_media":0,"parent":0,"menu_order":0,"comment_status":"open","ping_status":"closed","template":"","meta":{"footnotes":""},"type_de_page":[],"class_list":["post-46","page","type-page","status-publish","hentry"],"_links":{"self":[{"href":"https:\/\/new.chevreaux-suprematistes.com\/index.php\/wp-json\/wp\/v2\/pages\/46","targetHints":{"allow":["GET"]}}],"collection":[{"href":"https:\/\/new.chevreaux-suprematistes.com\/index.php\/wp-json\/wp\/v2\/pages"}],"about":[{"href":"https:\/\/new.chevreaux-suprematistes.com\/index.php\/wp-json\/wp\/v2\/types\/page"}],"author":[{"embeddable":true,"href":"https:\/\/new.chevreaux-suprematistes.com\/index.php\/wp-json\/wp\/v2\/users\/1"}],"replies":[{"embeddable":true,"href":"https:\/\/new.chevreaux-suprematistes.com\/index.php\/wp-json\/wp\/v2\/comments?post=46"}],"version-history":[{"count":0,"href":"https:\/\/new.chevreaux-suprematistes.com\/index.php\/wp-json\/wp\/v2\/pages\/46\/revisions"}],"wp:attachment":[{"href":"https:\/\/new.chevreaux-suprematistes.com\/index.php\/wp-json\/wp\/v2\/media?parent=46"}],"wp:term":[{"taxonomy":"type_de_page","embeddable":true,"href":"https:\/\/new.chevreaux-suprematistes.com\/index.php\/wp-json\/wp\/v2\/type_de_page?post=46"}],"curies":[{"name":"wp","href":"https:\/\/api.w.org\/{rel}","templated":true}]}}