{"id":44,"date":"2012-05-10T21:19:39","date_gmt":"2012-05-10T19:19:39","guid":{"rendered":"https:\/\/new.chevreaux-suprematistes.com\/index.php\/babyss-box\/"},"modified":"2023-09-22T16:39:34","modified_gmt":"2023-09-22T14:39:34","slug":"babyss-box","status":"publish","type":"page","link":"https:\/\/new.chevreaux-suprematistes.com\/index.php\/videos\/babyss-box\/","title":{"rendered":"B&rsquo;Abyss Box"},"content":{"rendered":"<p>Bruce Bower, capitaine du navire Moloka, nous explique les effets de la pression dans les grands fonds marins, et tente de nous vendre le premier aquarium hyperbare de salon au monde ! Oui, gr\u00e2ce \u00e0 sa B&rsquo;abyss box vous pourrez enfin adopter une crevette des grands fonds marin.<\/p>\n<p>Une production visible dans l&rsquo;exposition permanente sur les grands fonds marin, <em>Abyss box<\/em>, \u00e0 l&rsquo;Oc\u00e9anopolis de Brest \u00e0 partir d&rsquo;avril 2012.<\/p>\n","protected":false},"excerpt":{"rendered":"<p>Bruce Bower, capitaine du navire Moloka, nous explique les effets de la pression dans les grands fonds marins, et tente de nous vendre le premier aquarium hyperbare de salon au monde ! Oui, gr\u00e2ce \u00e0 sa B&rsquo;abyss box vous pourrez enfin adopter une crevette des grands fonds marin. Une production visible dans l&rsquo;exposition permanente sur [&hellip;]<\/p>\n","protected":false},"author":1,"featured_media":0,"parent":99,"menu_order":0,"comment_status":"closed","ping_status":"closed","template":"","meta":{"footnotes":""},"type_de_page":[],"class_list":["post-44","page","type-page","status-publish","hentry"],"_links":{"self":[{"href":"https:\/\/new.chevreaux-suprematistes.com\/index.php\/wp-json\/wp\/v2\/pages\/44","targetHints":{"allow":["GET"]}}],"collection":[{"href":"https:\/\/new.chevreaux-suprematistes.com\/index.php\/wp-json\/wp\/v2\/pages"}],"about":[{"href":"https:\/\/new.chevreaux-suprematistes.com\/index.php\/wp-json\/wp\/v2\/types\/page"}],"author":[{"embeddable":true,"href":"https:\/\/new.chevreaux-suprematistes.com\/index.php\/wp-json\/wp\/v2\/users\/1"}],"replies":[{"embeddable":true,"href":"https:\/\/new.chevreaux-suprematistes.com\/index.php\/wp-json\/wp\/v2\/comments?post=44"}],"version-history":[{"count":1,"href":"https:\/\/new.chevreaux-suprematistes.com\/index.php\/wp-json\/wp\/v2\/pages\/44\/revisions"}],"predecessor-version":[{"id":92,"href":"https:\/\/new.chevreaux-suprematistes.com\/index.php\/wp-json\/wp\/v2\/pages\/44\/revisions\/92"}],"up":[{"embeddable":true,"href":"https:\/\/new.chevreaux-suprematistes.com\/index.php\/wp-json\/wp\/v2\/pages\/99"}],"wp:attachment":[{"href":"https:\/\/new.chevreaux-suprematistes.com\/index.php\/wp-json\/wp\/v2\/media?parent=44"}],"wp:term":[{"taxonomy":"type_de_page","embeddable":true,"href":"https:\/\/new.chevreaux-suprematistes.com\/index.php\/wp-json\/wp\/v2\/type_de_page?post=44"}],"curies":[{"name":"wp","href":"https:\/\/api.w.org\/{rel}","templated":true}]}}