{"id":43,"date":"2012-05-11T14:52:59","date_gmt":"2012-05-11T12:52:59","guid":{"rendered":"https:\/\/new.chevreaux-suprematistes.com\/index.php\/labyss-box-et-le-labo-meduses-et-plancton\/"},"modified":"2023-09-22T16:37:07","modified_gmt":"2023-09-22T14:37:07","slug":"labyss-box-et-le-labo-meduses-et-plancton","status":"publish","type":"page","link":"https:\/\/new.chevreaux-suprematistes.com\/index.php\/videos\/labyss-box-et-le-labo-meduses-et-plancton\/","title":{"rendered":"l&rsquo;Abyss Box et le labo M\u00e9duses et Plancton"},"content":{"rendered":"<p>Les deux films pour <em>Abyss Box et Le laboratoire plancton et m\u00e9duse<\/em>  sont visibles dans l&rsquo;exposition permanente du tout nouveau Pavillon BRETAGNE \u00e0 l&rsquo;OCEANOPOLIS de BREST.<br \/>\nCe sont des films tourn\u00e9s pour un \u00e9cran transparent et tactile qui vous pr\u00e9sentent respectivement les laboratoires d&rsquo;\u00e9levage du phytoplancton et des m\u00e9duses pour l&rsquo;un et la prouesse technique de l&rsquo;Abbys Box qui un des rares aquarium Hyperbarre du monde (mis au point avec l&rsquo;Ifremer) et qui contient des crevettes des grands fonds marins.<\/p>\n<p>Bonne visite avec l&rsquo;exceptionnelle participation du grand Jean Luc Vincent !<\/p>\n<p><a href=\"article40.html\">En savoir plus<\/a><br \/>\n<br \/><a href=\" http:\/\/www.oceanopolis.com\/\">Oc\u00e9anopolis<\/a><\/p>\n","protected":false},"excerpt":{"rendered":"<p>Les deux films pour Abyss Box et Le laboratoire plancton et m\u00e9duse sont visibles dans l&rsquo;exposition permanente du tout nouveau Pavillon BRETAGNE \u00e0 l&rsquo;OCEANOPOLIS de BREST. Ce sont des films tourn\u00e9s pour un \u00e9cran transparent et tactile qui vous pr\u00e9sentent respectivement les laboratoires d&rsquo;\u00e9levage du phytoplancton et des m\u00e9duses pour l&rsquo;un et la prouesse technique [&hellip;]<\/p>\n","protected":false},"author":1,"featured_media":42,"parent":99,"menu_order":0,"comment_status":"open","ping_status":"closed","template":"","meta":{"footnotes":""},"type_de_page":[],"class_list":["post-43","page","type-page","status-publish","has-post-thumbnail","hentry"],"_links":{"self":[{"href":"https:\/\/new.chevreaux-suprematistes.com\/index.php\/wp-json\/wp\/v2\/pages\/43","targetHints":{"allow":["GET"]}}],"collection":[{"href":"https:\/\/new.chevreaux-suprematistes.com\/index.php\/wp-json\/wp\/v2\/pages"}],"about":[{"href":"https:\/\/new.chevreaux-suprematistes.com\/index.php\/wp-json\/wp\/v2\/types\/page"}],"author":[{"embeddable":true,"href":"https:\/\/new.chevreaux-suprematistes.com\/index.php\/wp-json\/wp\/v2\/users\/1"}],"replies":[{"embeddable":true,"href":"https:\/\/new.chevreaux-suprematistes.com\/index.php\/wp-json\/wp\/v2\/comments?post=43"}],"version-history":[{"count":1,"href":"https:\/\/new.chevreaux-suprematistes.com\/index.php\/wp-json\/wp\/v2\/pages\/43\/revisions"}],"predecessor-version":[{"id":104,"href":"https:\/\/new.chevreaux-suprematistes.com\/index.php\/wp-json\/wp\/v2\/pages\/43\/revisions\/104"}],"up":[{"embeddable":true,"href":"https:\/\/new.chevreaux-suprematistes.com\/index.php\/wp-json\/wp\/v2\/pages\/99"}],"wp:featuredmedia":[{"embeddable":true,"href":"https:\/\/new.chevreaux-suprematistes.com\/index.php\/wp-json\/wp\/v2\/media\/42"}],"wp:attachment":[{"href":"https:\/\/new.chevreaux-suprematistes.com\/index.php\/wp-json\/wp\/v2\/media?parent=43"}],"wp:term":[{"taxonomy":"type_de_page","embeddable":true,"href":"https:\/\/new.chevreaux-suprematistes.com\/index.php\/wp-json\/wp\/v2\/type_de_page?post=43"}],"curies":[{"name":"wp","href":"https:\/\/api.w.org\/{rel}","templated":true}]}}