{"id":38,"date":"2012-03-26T09:48:58","date_gmt":"2012-03-26T07:48:58","guid":{"rendered":"https:\/\/new.chevreaux-suprematistes.com\/index.php\/les-chevreaux-suprematistes\/"},"modified":"2023-09-26T10:04:52","modified_gmt":"2023-09-26T08:04:52","slug":"les-chevreaux-suprematistes","status":"publish","type":"page","link":"https:\/\/new.chevreaux-suprematistes.com\/index.php\/qui-sommes-nous\/les-chevreaux-suprematistes\/","title":{"rendered":"Les Chevreaux Supr\u00e9matistes"},"content":{"rendered":"<div class=\"column\">\n<p>Les Chevreaux Supr\u00e9matistes donnent des formes artistiques \u00e0 des contenus scientifiques, didactiques ou p\u00e9dagogiques, dans le cadre de mus\u00e9es, institutions, lieux culturels, parcs&#8230;<\/p>\n<p>Sous la forme d&rsquo;installations plastiques, d&rsquo;objets audiovisuels, de manipulations, de maquettes m\u00e9canis\u00e9es, de th\u00e9\u00e2tre optique ou encore de parcours d&rsquo;interpr\u00e9tation&#8230;<\/p>\n<p>Depuis le sc\u00e9nario ou la sc\u00e9narisation jusqu&rsquo;\u00e0 la livraison de la pi\u00e8ce.<\/p>\n<\/div>\n<div class=\"column\">\n<p>Nous inventons des formes d\u00e9cal\u00e9es, absurdes, magiques ou humoristiques pour permettre une appropriation facilit\u00e9e par les publics de contenus complexes. Nous cherchons \u00e0 innover dans le mode narratif ou dans le mode de diffusion.<\/p>\n<p>Nous travaillons autant que possible en autoproduction. Nous aimons beaucoup le bricolage au scotch, mais nous nous entourons de professionnels des derni\u00e8res technologies quand ils sont n\u00e9cessaires aux formes que nous inventons.<\/p>\n<\/div>\n<div class=\"column\">\n<p>Domaines d&rsquo;intervention :<\/p>\n<ul>\n<li> Mus\u00e9ographie et sc\u00e9nographie<\/li>\n<li> Production audiovisuelle, film, film d&rsquo;animation <\/li>\n<li> Sc\u00e9nario, sc\u00e9narisation<\/li>\n<li> Th\u00e9\u00e2tre optique ou pepper ghost<\/li>\n<li> Element d&rsquo;exposition, manipulation, manips<\/li>\n<li> Maquette, diorama, maquette m\u00e9canis\u00e9e<\/li>\n<li> D\u00e9cor, d\u00e9cor m\u00e9canis\u00e9<\/li>\n<li> Parcours d&rsquo;interpr\u00e9tation, signal\u00e9tique, \u00e9l\u00e9ments d&rsquo;exposition ext\u00e9rieur : sculptures, zograscopes, parleurs&#8230;<\/li>\n<\/ul>\n<\/div>\n\n\n<figure class=\"wp-block-image size-full\"><img loading=\"lazy\" decoding=\"async\" width=\"595\" height=\"420\" src=\"https:\/\/new.chevreaux-suprematistes.com\/wp-content\/uploads\/2023\/09\/chevreuil_fond_blc.gif\" alt=\"\" class=\"wp-image-134\"\/><\/figure>\n","protected":false},"excerpt":{"rendered":"<p>Les Chevreaux Supr\u00e9matistes donnent des formes artistiques \u00e0 des contenus scientifiques, didactiques ou p\u00e9dagogiques, dans le cadre de mus\u00e9es, institutions, lieux culturels, parcs&#8230; Sous la forme d&rsquo;installations plastiques, d&rsquo;objets audiovisuels, de manipulations, de maquettes m\u00e9canis\u00e9es, de th\u00e9\u00e2tre optique ou encore de parcours d&rsquo;interpr\u00e9tation&#8230; Depuis le sc\u00e9nario ou la sc\u00e9narisation jusqu&rsquo;\u00e0 la livraison de la pi\u00e8ce. [&hellip;]<\/p>\n","protected":false},"author":1,"featured_media":134,"parent":113,"menu_order":0,"comment_status":"open","ping_status":"closed","template":"","meta":{"footnotes":""},"type_de_page":[],"class_list":["post-38","page","type-page","status-publish","has-post-thumbnail","hentry"],"_links":{"self":[{"href":"https:\/\/new.chevreaux-suprematistes.com\/index.php\/wp-json\/wp\/v2\/pages\/38","targetHints":{"allow":["GET"]}}],"collection":[{"href":"https:\/\/new.chevreaux-suprematistes.com\/index.php\/wp-json\/wp\/v2\/pages"}],"about":[{"href":"https:\/\/new.chevreaux-suprematistes.com\/index.php\/wp-json\/wp\/v2\/types\/page"}],"author":[{"embeddable":true,"href":"https:\/\/new.chevreaux-suprematistes.com\/index.php\/wp-json\/wp\/v2\/users\/1"}],"replies":[{"embeddable":true,"href":"https:\/\/new.chevreaux-suprematistes.com\/index.php\/wp-json\/wp\/v2\/comments?post=38"}],"version-history":[{"count":2,"href":"https:\/\/new.chevreaux-suprematistes.com\/index.php\/wp-json\/wp\/v2\/pages\/38\/revisions"}],"predecessor-version":[{"id":135,"href":"https:\/\/new.chevreaux-suprematistes.com\/index.php\/wp-json\/wp\/v2\/pages\/38\/revisions\/135"}],"up":[{"embeddable":true,"href":"https:\/\/new.chevreaux-suprematistes.com\/index.php\/wp-json\/wp\/v2\/pages\/113"}],"wp:featuredmedia":[{"embeddable":true,"href":"https:\/\/new.chevreaux-suprematistes.com\/index.php\/wp-json\/wp\/v2\/media\/134"}],"wp:attachment":[{"href":"https:\/\/new.chevreaux-suprematistes.com\/index.php\/wp-json\/wp\/v2\/media?parent=38"}],"wp:term":[{"taxonomy":"type_de_page","embeddable":true,"href":"https:\/\/new.chevreaux-suprematistes.com\/index.php\/wp-json\/wp\/v2\/type_de_page?post=38"}],"curies":[{"name":"wp","href":"https:\/\/api.w.org\/{rel}","templated":true}]}}