{"id":37,"date":"2014-01-08T16:13:49","date_gmt":"2014-01-08T15:13:49","guid":{"rendered":"https:\/\/new.chevreaux-suprematistes.com\/index.php\/contact-2\/"},"modified":"2014-01-08T16:13:49","modified_gmt":"2014-01-08T15:13:49","slug":"contact-2","status":"publish","type":"page","link":"https:\/\/new.chevreaux-suprematistes.com\/index.php\/contact-2\/","title":{"rendered":"Contact"},"content":{"rendered":"<p><strong>Email :<\/strong><br \/>\n<a href=\"mailto:tapir@chevreaux-suprematistes.com\">tapir@chevreaux-suprematistes.com<\/a><\/p>\n<table>\n<tbody>\n<tr class='row_even'>\n<td colspan='2'> <strong>Phone :<\/strong> <\/td>\n<\/tr>\n<tr class='row_odd'>\n<td> P\u00e9n\u00e9lope de Bozzi :&nbsp; <\/td>\n<td> + 33 6 64 97 11 50 <\/td>\n<\/tr>\n<tr class='row_even'>\n<td> Matthieu Lemari\u00e9 : <\/td>\n<td> + 33 6 63 48 02 26 <\/td>\n<\/tr>\n<\/tbody>\n<\/table>\n<p><strong>Post :<\/strong><br \/>\n53 rue des Rigoles<br \/>\n<br \/>75020 Paris<br \/>\n<br \/>FRANCE<\/p>\n<p><strong>facebook :<\/strong><br \/>\nhttps:\/\/www.facebook.com\/chevreauxsuprematistes<\/p>\n","protected":false},"excerpt":{"rendered":"<p>Email : tapir@chevreaux-suprematistes.com Phone : P\u00e9n\u00e9lope de Bozzi :&nbsp; + 33 6 64 97 11 50 Matthieu Lemari\u00e9 : + 33 6 63 48 02 26 Post : 53 rue des Rigoles 75020 Paris FRANCE facebook : https:\/\/www.facebook.com\/chevreauxsuprematistes<\/p>\n","protected":false},"author":1,"featured_media":0,"parent":0,"menu_order":0,"comment_status":"open","ping_status":"closed","template":"","meta":{"footnotes":""},"type_de_page":[],"class_list":["post-37","page","type-page","status-publish","hentry"],"_links":{"self":[{"href":"https:\/\/new.chevreaux-suprematistes.com\/index.php\/wp-json\/wp\/v2\/pages\/37","targetHints":{"allow":["GET"]}}],"collection":[{"href":"https:\/\/new.chevreaux-suprematistes.com\/index.php\/wp-json\/wp\/v2\/pages"}],"about":[{"href":"https:\/\/new.chevreaux-suprematistes.com\/index.php\/wp-json\/wp\/v2\/types\/page"}],"author":[{"embeddable":true,"href":"https:\/\/new.chevreaux-suprematistes.com\/index.php\/wp-json\/wp\/v2\/users\/1"}],"replies":[{"embeddable":true,"href":"https:\/\/new.chevreaux-suprematistes.com\/index.php\/wp-json\/wp\/v2\/comments?post=37"}],"version-history":[{"count":0,"href":"https:\/\/new.chevreaux-suprematistes.com\/index.php\/wp-json\/wp\/v2\/pages\/37\/revisions"}],"wp:attachment":[{"href":"https:\/\/new.chevreaux-suprematistes.com\/index.php\/wp-json\/wp\/v2\/media?parent=37"}],"wp:term":[{"taxonomy":"type_de_page","embeddable":true,"href":"https:\/\/new.chevreaux-suprematistes.com\/index.php\/wp-json\/wp\/v2\/type_de_page?post=37"}],"curies":[{"name":"wp","href":"https:\/\/api.w.org\/{rel}","templated":true}]}}