{"id":36,"date":"2012-02-10T08:30:13","date_gmt":"2012-02-10T07:30:13","guid":{"rendered":"https:\/\/new.chevreaux-suprematistes.com\/index.php\/contact\/"},"modified":"2012-02-10T08:30:13","modified_gmt":"2012-02-10T07:30:13","slug":"contact","status":"publish","type":"page","link":"https:\/\/new.chevreaux-suprematistes.com\/index.php\/contact\/","title":{"rendered":"Contact"},"content":{"rendered":"<p><strong>Email :<\/strong><br \/>\n<a href=\"mailto:chevreauxsuprematistes@gmail.com\">chevreauxsuprematistes@gmail.com<\/a><\/p>\n<p><strong>Email :<\/strong><br \/>\n<a href=\"mailto:tapir@chevreaux-suprematistes.com\">tapir@chevreaux-suprematistes.com<\/a><\/p>\n<table>\n<tbody>\n<tr class='row_even'>\n<td colspan='2'> <strong>T\u00e9l\u00e9phone :<\/strong> <\/td>\n<\/tr>\n<tr class='row_odd'>\n<td> P\u00e9n\u00e9lope de Bozzi :&nbsp; <\/td>\n<td> 06 64 97 11 50 <\/td>\n<\/tr>\n<tr class='row_even'>\n<td> Matthieu Lemari\u00e9 : <\/td>\n<td> 06 63 48 02 26 <\/td>\n<\/tr>\n<\/tbody>\n<\/table>\n<p><strong>Adresse :<\/strong><br \/>\n53 rue des Rigoles<br \/>\n<br \/>75020 Paris<\/p>\n<p><strong>facebook :<\/strong><br \/>\nhttps:\/\/www.facebook.com\/chevreauxsuprematistes<\/p>\n","protected":false},"excerpt":{"rendered":"<p>Email : chevreauxsuprematistes@gmail.com Email : tapir@chevreaux-suprematistes.com T\u00e9l\u00e9phone : P\u00e9n\u00e9lope de Bozzi :&nbsp; 06 64 97 11 50 Matthieu Lemari\u00e9 : 06 63 48 02 26 Adresse : 53 rue des Rigoles 75020 Paris facebook : https:\/\/www.facebook.com\/chevreauxsuprematistes<\/p>\n","protected":false},"author":1,"featured_media":0,"parent":0,"menu_order":0,"comment_status":"open","ping_status":"closed","template":"","meta":{"footnotes":""},"type_de_page":[],"class_list":["post-36","page","type-page","status-publish","hentry"],"_links":{"self":[{"href":"https:\/\/new.chevreaux-suprematistes.com\/index.php\/wp-json\/wp\/v2\/pages\/36","targetHints":{"allow":["GET"]}}],"collection":[{"href":"https:\/\/new.chevreaux-suprematistes.com\/index.php\/wp-json\/wp\/v2\/pages"}],"about":[{"href":"https:\/\/new.chevreaux-suprematistes.com\/index.php\/wp-json\/wp\/v2\/types\/page"}],"author":[{"embeddable":true,"href":"https:\/\/new.chevreaux-suprematistes.com\/index.php\/wp-json\/wp\/v2\/users\/1"}],"replies":[{"embeddable":true,"href":"https:\/\/new.chevreaux-suprematistes.com\/index.php\/wp-json\/wp\/v2\/comments?post=36"}],"version-history":[{"count":0,"href":"https:\/\/new.chevreaux-suprematistes.com\/index.php\/wp-json\/wp\/v2\/pages\/36\/revisions"}],"wp:attachment":[{"href":"https:\/\/new.chevreaux-suprematistes.com\/index.php\/wp-json\/wp\/v2\/media?parent=36"}],"wp:term":[{"taxonomy":"type_de_page","embeddable":true,"href":"https:\/\/new.chevreaux-suprematistes.com\/index.php\/wp-json\/wp\/v2\/type_de_page?post=36"}],"curies":[{"name":"wp","href":"https:\/\/api.w.org\/{rel}","templated":true}]}}