{"id":34,"date":"2012-01-25T18:06:58","date_gmt":"2012-01-25T17:06:58","guid":{"rendered":"https:\/\/new.chevreaux-suprematistes.com\/index.php\/credits\/"},"modified":"2012-01-25T18:06:58","modified_gmt":"2012-01-25T17:06:58","slug":"credits","status":"publish","type":"page","link":"https:\/\/new.chevreaux-suprematistes.com\/index.php\/credits\/","title":{"rendered":"cr\u00e9dits"},"content":{"rendered":"<p><strong>HEBERGEMENT<\/strong><br \/>\nServage GmbH<br \/>\nNeustadt 16<br \/>\nD-24939 Flensburg<br \/>\nGermany<br \/>\nE-Mail : info@servage.net<\/p>\n<p><strong>PROPRI\u00c9T\u00c9 INTELLECTUELLE<\/strong><br \/>\nLe site de Les Chevreaux Supr\u00e9matistes rel\u00e8ve de la l\u00e9gislation fran\u00e7aise et inter\u00adna\u00adtio\u00adnale sur le droit d\u2019auteur et la pro\u00adpri\u00e9t\u00e9 intel\u00adlec\u00adtuelle. Tous les droits de repro\u00adduc\u00adtion, y com\u00adpris pour les docu\u00adments t\u00e9l\u00e9\u00adchar\u00adgea\u00adbles, sont r\u00e9ser\u00adv\u00e9s.<br \/>\nLa repro\u00adduc\u00adtion de tout ou partie du site est for\u00admel\u00adle\u00adment inter\u00addite, sauf auto\u00adri\u00adsa\u00adtion du direc\u00adteur de la publi\u00adca\u00adtion.<\/p>\n<p><strong>R\u00c9ALISATION DU SITE<\/strong><br \/>\nSite : www.cross\u00adcross.com<br \/>\nR\u00e9alisation : Eva Lange<br \/>\nDeveloppement : Guil Hadad<\/p>\n","protected":false},"excerpt":{"rendered":"<p>HEBERGEMENT Servage GmbH Neustadt 16 D-24939 Flensburg Germany E-Mail : info@servage.net PROPRI\u00c9T\u00c9 INTELLECTUELLE Le site de Les Chevreaux Supr\u00e9matistes rel\u00e8ve de la l\u00e9gislation fran\u00e7aise et inter\u00adna\u00adtio\u00adnale sur le droit d\u2019auteur et la pro\u00adpri\u00e9t\u00e9 intel\u00adlec\u00adtuelle. Tous les droits de repro\u00adduc\u00adtion, y com\u00adpris pour les docu\u00adments t\u00e9l\u00e9\u00adchar\u00adgea\u00adbles, sont r\u00e9ser\u00adv\u00e9s. La repro\u00adduc\u00adtion de tout ou partie du site [&hellip;]<\/p>\n","protected":false},"author":1,"featured_media":0,"parent":0,"menu_order":0,"comment_status":"open","ping_status":"closed","template":"","meta":{"footnotes":""},"type_de_page":[],"class_list":["post-34","page","type-page","status-publish","hentry"],"_links":{"self":[{"href":"https:\/\/new.chevreaux-suprematistes.com\/index.php\/wp-json\/wp\/v2\/pages\/34","targetHints":{"allow":["GET"]}}],"collection":[{"href":"https:\/\/new.chevreaux-suprematistes.com\/index.php\/wp-json\/wp\/v2\/pages"}],"about":[{"href":"https:\/\/new.chevreaux-suprematistes.com\/index.php\/wp-json\/wp\/v2\/types\/page"}],"author":[{"embeddable":true,"href":"https:\/\/new.chevreaux-suprematistes.com\/index.php\/wp-json\/wp\/v2\/users\/1"}],"replies":[{"embeddable":true,"href":"https:\/\/new.chevreaux-suprematistes.com\/index.php\/wp-json\/wp\/v2\/comments?post=34"}],"version-history":[{"count":0,"href":"https:\/\/new.chevreaux-suprematistes.com\/index.php\/wp-json\/wp\/v2\/pages\/34\/revisions"}],"wp:attachment":[{"href":"https:\/\/new.chevreaux-suprematistes.com\/index.php\/wp-json\/wp\/v2\/media?parent=34"}],"wp:term":[{"taxonomy":"type_de_page","embeddable":true,"href":"https:\/\/new.chevreaux-suprematistes.com\/index.php\/wp-json\/wp\/v2\/type_de_page?post=34"}],"curies":[{"name":"wp","href":"https:\/\/api.w.org\/{rel}","templated":true}]}}