{"id":27,"date":"2015-07-18T15:12:50","date_gmt":"2015-07-18T13:12:50","guid":{"rendered":"https:\/\/new.chevreaux-suprematistes.com\/index.php\/la-ferte-vidame\/"},"modified":"2023-09-22T16:42:57","modified_gmt":"2023-09-22T14:42:57","slug":"la-ferte-vidame","status":"publish","type":"page","link":"https:\/\/new.chevreaux-suprematistes.com\/index.php\/scenographies-ou-installations-scenographiques\/la-ferte-vidame\/","title":{"rendered":"La Fert\u00e9 Vidame"},"content":{"rendered":"<div class=\"column\">\n<p>En 2007, pour le parc du ch\u00e2teau de la Fert\u00e9 Vidame, le paysagiste Christophe Ponceau nous invite \u00e0 r\u00e9aliser une signal\u00e9tique artistique suite \u00e0 l&rsquo;intervention d&rsquo;artistes et de designers les ann\u00e9es pr\u00e9c\u00e9dentes.<\/p>\n<p>Il s&rsquo;agit de faire visiter le parc en 4 parcours : histoire, botanique, traces artistiques et t\u00e9moignages.<\/p>\n<p>Nous proposons une signal\u00e9tique qui aide \u00e0 se perdre dans le parc : son objet embl\u00e9matique est une fl\u00e8che-girouette.<\/p>\n<\/div>\n<div class=\"column\">\n<p>Sept types d'\u00a0\u00bbobjets signal\u00e9tiques\u00a0\u00bb accompagnent ces libres d\u00e9ambulations : cadres iconographiques (grandes diapositives qui se superposent au paysage), zograscopes, longues vues, parleurs \u00e0 manivelles, \u00e9tiquettes \u00e0 planter (\u00e9grenant recettes ou citations) et panneaux textes s\u00e9rigraphi\u00e9s.<\/p>\n<p>Les parcours sont diff\u00e9renci\u00e9s par des \u00e9tiquettes volantes de 4 couleurs attach\u00e9es aux diff\u00e9rents objets signal\u00e9tiques.<\/p>\n<\/div>\n","protected":false},"excerpt":{"rendered":"<p>En 2007, pour le parc du ch\u00e2teau de la Fert\u00e9 Vidame, le paysagiste Christophe Ponceau nous invite \u00e0 r\u00e9aliser une signal\u00e9tique artistique suite \u00e0 l&rsquo;intervention d&rsquo;artistes et de designers les ann\u00e9es pr\u00e9c\u00e9dentes. Il s&rsquo;agit de faire visiter le parc en 4 parcours : histoire, botanique, traces artistiques et t\u00e9moignages. Nous proposons une signal\u00e9tique qui aide [&hellip;]<\/p>\n","protected":false},"author":1,"featured_media":0,"parent":107,"menu_order":0,"comment_status":"open","ping_status":"closed","template":"","meta":{"footnotes":""},"type_de_page":[],"class_list":["post-27","page","type-page","status-publish","hentry"],"_links":{"self":[{"href":"https:\/\/new.chevreaux-suprematistes.com\/index.php\/wp-json\/wp\/v2\/pages\/27","targetHints":{"allow":["GET"]}}],"collection":[{"href":"https:\/\/new.chevreaux-suprematistes.com\/index.php\/wp-json\/wp\/v2\/pages"}],"about":[{"href":"https:\/\/new.chevreaux-suprematistes.com\/index.php\/wp-json\/wp\/v2\/types\/page"}],"author":[{"embeddable":true,"href":"https:\/\/new.chevreaux-suprematistes.com\/index.php\/wp-json\/wp\/v2\/users\/1"}],"replies":[{"embeddable":true,"href":"https:\/\/new.chevreaux-suprematistes.com\/index.php\/wp-json\/wp\/v2\/comments?post=27"}],"version-history":[{"count":1,"href":"https:\/\/new.chevreaux-suprematistes.com\/index.php\/wp-json\/wp\/v2\/pages\/27\/revisions"}],"predecessor-version":[{"id":112,"href":"https:\/\/new.chevreaux-suprematistes.com\/index.php\/wp-json\/wp\/v2\/pages\/27\/revisions\/112"}],"up":[{"embeddable":true,"href":"https:\/\/new.chevreaux-suprematistes.com\/index.php\/wp-json\/wp\/v2\/pages\/107"}],"wp:attachment":[{"href":"https:\/\/new.chevreaux-suprematistes.com\/index.php\/wp-json\/wp\/v2\/media?parent=27"}],"wp:term":[{"taxonomy":"type_de_page","embeddable":true,"href":"https:\/\/new.chevreaux-suprematistes.com\/index.php\/wp-json\/wp\/v2\/type_de_page?post=27"}],"curies":[{"name":"wp","href":"https:\/\/api.w.org\/{rel}","templated":true}]}}