{"id":22,"date":"2012-02-10T08:55:42","date_gmt":"2012-02-10T07:55:42","guid":{"rendered":"https:\/\/new.chevreaux-suprematistes.com\/index.php\/ronger-ou-un-communique-du-c-i-c-s-t-m-s-e-a-o-n-n\/"},"modified":"2023-09-22T16:37:07","modified_gmt":"2023-09-22T14:37:07","slug":"ronger-ou-un-communique-du-c-i-c-s-t-m-s-e-a-o-n-n","status":"publish","type":"page","link":"https:\/\/new.chevreaux-suprematistes.com\/index.php\/videos\/ronger-ou-un-communique-du-c-i-c-s-t-m-s-e-a-o-n-n\/","title":{"rendered":"Ronger ou \u00ab\u00a0Un communiqu\u00e9 du C.I.C.S.T.M.S.E.A.O.N.N.\u00a0\u00bb"},"content":{"rendered":"<p>Les Rongeurs, inquiets pour leur devenir \u00e0 l&rsquo;Eoc\u00e8ne, font appel \u00e0 la C.I.C.S.T.M.S.E.A.O.N.N., une boite de consulting sp\u00e9cialis\u00e9e dans l&rsquo;\u00e9volution des esp\u00e8ces.<\/p>\n<p>Un film produit pour le Mus\u00e9um National d&rsquo;Histoire Naturelle pour l&rsquo;exposition <em>Dans l&rsquo;ombre des dinosaures<\/em> \u00e0 la Grande Galerie de l&rsquo;\u00e9volution en 2010\/11.<\/p>\n","protected":false},"excerpt":{"rendered":"<p>Les Rongeurs, inquiets pour leur devenir \u00e0 l&rsquo;Eoc\u00e8ne, font appel \u00e0 la C.I.C.S.T.M.S.E.A.O.N.N., une boite de consulting sp\u00e9cialis\u00e9e dans l&rsquo;\u00e9volution des esp\u00e8ces. Un film produit pour le Mus\u00e9um National d&rsquo;Histoire Naturelle pour l&rsquo;exposition Dans l&rsquo;ombre des dinosaures \u00e0 la Grande Galerie de l&rsquo;\u00e9volution en 2010\/11.<\/p>\n","protected":false},"author":1,"featured_media":0,"parent":99,"menu_order":0,"comment_status":"closed","ping_status":"closed","template":"","meta":{"footnotes":""},"type_de_page":[],"class_list":["post-22","page","type-page","status-publish","hentry"],"_links":{"self":[{"href":"https:\/\/new.chevreaux-suprematistes.com\/index.php\/wp-json\/wp\/v2\/pages\/22","targetHints":{"allow":["GET"]}}],"collection":[{"href":"https:\/\/new.chevreaux-suprematistes.com\/index.php\/wp-json\/wp\/v2\/pages"}],"about":[{"href":"https:\/\/new.chevreaux-suprematistes.com\/index.php\/wp-json\/wp\/v2\/types\/page"}],"author":[{"embeddable":true,"href":"https:\/\/new.chevreaux-suprematistes.com\/index.php\/wp-json\/wp\/v2\/users\/1"}],"replies":[{"embeddable":true,"href":"https:\/\/new.chevreaux-suprematistes.com\/index.php\/wp-json\/wp\/v2\/comments?post=22"}],"version-history":[{"count":1,"href":"https:\/\/new.chevreaux-suprematistes.com\/index.php\/wp-json\/wp\/v2\/pages\/22\/revisions"}],"predecessor-version":[{"id":94,"href":"https:\/\/new.chevreaux-suprematistes.com\/index.php\/wp-json\/wp\/v2\/pages\/22\/revisions\/94"}],"up":[{"embeddable":true,"href":"https:\/\/new.chevreaux-suprematistes.com\/index.php\/wp-json\/wp\/v2\/pages\/99"}],"wp:attachment":[{"href":"https:\/\/new.chevreaux-suprematistes.com\/index.php\/wp-json\/wp\/v2\/media?parent=22"}],"wp:term":[{"taxonomy":"type_de_page","embeddable":true,"href":"https:\/\/new.chevreaux-suprematistes.com\/index.php\/wp-json\/wp\/v2\/type_de_page?post=22"}],"curies":[{"name":"wp","href":"https:\/\/api.w.org\/{rel}","templated":true}]}}