{"id":21,"date":"2012-02-10T08:55:39","date_gmt":"2012-02-10T07:55:39","guid":{"rendered":"https:\/\/new.chevreaux-suprematistes.com\/index.php\/nager-ou-changeons-de-vie-changeons-de-pezosiren\/"},"modified":"2023-09-22T16:39:35","modified_gmt":"2023-09-22T14:39:35","slug":"nager-ou-changeons-de-vie-changeons-de-pezosiren","status":"publish","type":"page","link":"https:\/\/new.chevreaux-suprematistes.com\/index.php\/videos\/nager-ou-changeons-de-vie-changeons-de-pezosiren\/","title":{"rendered":"Nager ou \u00ab\u00a0Changeons de vie, changeons de Pezosiren\u00a0\u00bb"},"content":{"rendered":"<p>Un bonimenteur vante les avantages d&rsquo;un sir\u00e9nien de l&rsquo;Eoc\u00e8ne de l&rsquo;esp\u00e8ce Halitherium, une \u00e9volution significative de son pr\u00e9d\u00e9cesseur le Pezosiren.<\/p>\n<p>Un film sur l&rsquo;\u00e9volution des esp\u00e8ces cr\u00e9\u00e9 pour le Mus\u00e9um National d&rsquo;Histoire Naturelle pour l&rsquo;exposition <em>Dans l&rsquo;ombre des Dinosaures<\/em> \u00e0 la Grande Galerie de l&rsquo;Evolution en 2010\/11.<\/p>\n","protected":false},"excerpt":{"rendered":"<p>Un bonimenteur vante les avantages d&rsquo;un sir\u00e9nien de l&rsquo;Eoc\u00e8ne de l&rsquo;esp\u00e8ce Halitherium, une \u00e9volution significative de son pr\u00e9d\u00e9cesseur le Pezosiren. Un film sur l&rsquo;\u00e9volution des esp\u00e8ces cr\u00e9\u00e9 pour le Mus\u00e9um National d&rsquo;Histoire Naturelle pour l&rsquo;exposition Dans l&rsquo;ombre des Dinosaures \u00e0 la Grande Galerie de l&rsquo;Evolution en 2010\/11.<\/p>\n","protected":false},"author":1,"featured_media":0,"parent":99,"menu_order":0,"comment_status":"closed","ping_status":"closed","template":"","meta":{"footnotes":""},"type_de_page":[],"class_list":["post-21","page","type-page","status-publish","hentry"],"_links":{"self":[{"href":"https:\/\/new.chevreaux-suprematistes.com\/index.php\/wp-json\/wp\/v2\/pages\/21","targetHints":{"allow":["GET"]}}],"collection":[{"href":"https:\/\/new.chevreaux-suprematistes.com\/index.php\/wp-json\/wp\/v2\/pages"}],"about":[{"href":"https:\/\/new.chevreaux-suprematistes.com\/index.php\/wp-json\/wp\/v2\/types\/page"}],"author":[{"embeddable":true,"href":"https:\/\/new.chevreaux-suprematistes.com\/index.php\/wp-json\/wp\/v2\/users\/1"}],"replies":[{"embeddable":true,"href":"https:\/\/new.chevreaux-suprematistes.com\/index.php\/wp-json\/wp\/v2\/comments?post=21"}],"version-history":[{"count":1,"href":"https:\/\/new.chevreaux-suprematistes.com\/index.php\/wp-json\/wp\/v2\/pages\/21\/revisions"}],"predecessor-version":[{"id":96,"href":"https:\/\/new.chevreaux-suprematistes.com\/index.php\/wp-json\/wp\/v2\/pages\/21\/revisions\/96"}],"up":[{"embeddable":true,"href":"https:\/\/new.chevreaux-suprematistes.com\/index.php\/wp-json\/wp\/v2\/pages\/99"}],"wp:attachment":[{"href":"https:\/\/new.chevreaux-suprematistes.com\/index.php\/wp-json\/wp\/v2\/media?parent=21"}],"wp:term":[{"taxonomy":"type_de_page","embeddable":true,"href":"https:\/\/new.chevreaux-suprematistes.com\/index.php\/wp-json\/wp\/v2\/type_de_page?post=21"}],"curies":[{"name":"wp","href":"https:\/\/api.w.org\/{rel}","templated":true}]}}