{"id":20,"date":"2012-02-10T08:55:40","date_gmt":"2012-02-10T07:55:40","guid":{"rendered":"https:\/\/new.chevreaux-suprematistes.com\/index.php\/grimper-ou-notharctus-et-ses-difficiles-choix-strategiques\/"},"modified":"2023-09-22T16:37:07","modified_gmt":"2023-09-22T14:37:07","slug":"grimper-ou-notharctus-et-ses-difficiles-choix-strategiques","status":"publish","type":"page","link":"https:\/\/new.chevreaux-suprematistes.com\/index.php\/videos\/grimper-ou-notharctus-et-ses-difficiles-choix-strategiques\/","title":{"rendered":"Grimper ou \u00ab\u00a0Notharctus et ses difficiles choix strat\u00e9giques\u00a0\u00bb"},"content":{"rendered":"<p>La C.I.C.S.T.M.S.E.A.O.N.N. &#8211; une boite de de consulting &#8211; aide Notharctus, un groupe de mammif\u00e8res de l&rsquo;Eoc\u00e8ne \u00e0 \u00e9voluer &#8230;<\/p>\n<p>Gr\u00e2ce \u00e0 cette vid\u00e9o, vous saurez comment faire \u00e9voluer, vous aussi, votre esp\u00e8ce.<\/p>\n<p>Un film produit pour le Museum National d&rsquo;Histoire Naturelle pour l&rsquo;exposition <em>Dans l&rsquo;ombre des dinosaures<\/em> \u00e0 la Grande Galerie de l&rsquo;\u00e9volution en 2010\/11.<\/p>\n","protected":false},"excerpt":{"rendered":"<p>La C.I.C.S.T.M.S.E.A.O.N.N. &#8211; une boite de de consulting &#8211; aide Notharctus, un groupe de mammif\u00e8res de l&rsquo;Eoc\u00e8ne \u00e0 \u00e9voluer &#8230; Gr\u00e2ce \u00e0 cette vid\u00e9o, vous saurez comment faire \u00e9voluer, vous aussi, votre esp\u00e8ce. Un film produit pour le Museum National d&rsquo;Histoire Naturelle pour l&rsquo;exposition Dans l&rsquo;ombre des dinosaures \u00e0 la Grande Galerie de l&rsquo;\u00e9volution en [&hellip;]<\/p>\n","protected":false},"author":1,"featured_media":0,"parent":99,"menu_order":0,"comment_status":"closed","ping_status":"closed","template":"","meta":{"footnotes":""},"type_de_page":[],"class_list":["post-20","page","type-page","status-publish","hentry"],"_links":{"self":[{"href":"https:\/\/new.chevreaux-suprematistes.com\/index.php\/wp-json\/wp\/v2\/pages\/20","targetHints":{"allow":["GET"]}}],"collection":[{"href":"https:\/\/new.chevreaux-suprematistes.com\/index.php\/wp-json\/wp\/v2\/pages"}],"about":[{"href":"https:\/\/new.chevreaux-suprematistes.com\/index.php\/wp-json\/wp\/v2\/types\/page"}],"author":[{"embeddable":true,"href":"https:\/\/new.chevreaux-suprematistes.com\/index.php\/wp-json\/wp\/v2\/users\/1"}],"replies":[{"embeddable":true,"href":"https:\/\/new.chevreaux-suprematistes.com\/index.php\/wp-json\/wp\/v2\/comments?post=20"}],"version-history":[{"count":1,"href":"https:\/\/new.chevreaux-suprematistes.com\/index.php\/wp-json\/wp\/v2\/pages\/20\/revisions"}],"predecessor-version":[{"id":95,"href":"https:\/\/new.chevreaux-suprematistes.com\/index.php\/wp-json\/wp\/v2\/pages\/20\/revisions\/95"}],"up":[{"embeddable":true,"href":"https:\/\/new.chevreaux-suprematistes.com\/index.php\/wp-json\/wp\/v2\/pages\/99"}],"wp:attachment":[{"href":"https:\/\/new.chevreaux-suprematistes.com\/index.php\/wp-json\/wp\/v2\/media?parent=20"}],"wp:term":[{"taxonomy":"type_de_page","embeddable":true,"href":"https:\/\/new.chevreaux-suprematistes.com\/index.php\/wp-json\/wp\/v2\/type_de_page?post=20"}],"curies":[{"name":"wp","href":"https:\/\/api.w.org\/{rel}","templated":true}]}}