{"id":19,"date":"2012-02-10T11:42:25","date_gmt":"2012-02-10T10:42:25","guid":{"rendered":"https:\/\/new.chevreaux-suprematistes.com\/index.php\/parcours-de-la-biodiversite-urbaine\/"},"modified":"2023-09-22T16:42:57","modified_gmt":"2023-09-22T14:42:57","slug":"parcours-de-la-biodiversite-urbaine","status":"publish","type":"page","link":"https:\/\/new.chevreaux-suprematistes.com\/index.php\/scenographies-ou-installations-scenographiques\/parcours-de-la-biodiversite-urbaine\/","title":{"rendered":"Parcours de la Biodiversit\u00e9 Urbaine"},"content":{"rendered":"\n<p>Dans la M\u00e9nagerie du Jardin des Plantes, nous avons r\u00e9alis\u00e9 un parcours p\u00e9renne : le <em>Parcours de la Biodiversit\u00e9 Urbaine<\/em> qui parle du vivant dans la ville. <\/p>\n\n\n\n<p>Il est compos\u00e9 de 12 stations de panneaux d&rsquo;information, de jeux \u00e0 manipuler pour les enfants et de silhouettes diss\u00e9min\u00e9es.<\/p>\n","protected":false},"excerpt":{"rendered":"<p>Dans la M\u00e9nagerie du Jardin des Plantes, nous avons r\u00e9alis\u00e9 un parcours p\u00e9renne : le Parcours de la Biodiversit\u00e9 Urbaine qui parle du vivant dans la ville. Il est compos\u00e9 de 12 stations de panneaux d&rsquo;information, de jeux \u00e0 manipuler pour les enfants et de silhouettes diss\u00e9min\u00e9es.<\/p>\n","protected":false},"author":1,"featured_media":0,"parent":107,"menu_order":0,"comment_status":"closed","ping_status":"closed","template":"","meta":{"footnotes":""},"type_de_page":[],"class_list":["post-19","page","type-page","status-publish","hentry"],"_links":{"self":[{"href":"https:\/\/new.chevreaux-suprematistes.com\/index.php\/wp-json\/wp\/v2\/pages\/19","targetHints":{"allow":["GET"]}}],"collection":[{"href":"https:\/\/new.chevreaux-suprematistes.com\/index.php\/wp-json\/wp\/v2\/pages"}],"about":[{"href":"https:\/\/new.chevreaux-suprematistes.com\/index.php\/wp-json\/wp\/v2\/types\/page"}],"author":[{"embeddable":true,"href":"https:\/\/new.chevreaux-suprematistes.com\/index.php\/wp-json\/wp\/v2\/users\/1"}],"replies":[{"embeddable":true,"href":"https:\/\/new.chevreaux-suprematistes.com\/index.php\/wp-json\/wp\/v2\/comments?post=19"}],"version-history":[{"count":3,"href":"https:\/\/new.chevreaux-suprematistes.com\/index.php\/wp-json\/wp\/v2\/pages\/19\/revisions"}],"predecessor-version":[{"id":81,"href":"https:\/\/new.chevreaux-suprematistes.com\/index.php\/wp-json\/wp\/v2\/pages\/19\/revisions\/81"}],"up":[{"embeddable":true,"href":"https:\/\/new.chevreaux-suprematistes.com\/index.php\/wp-json\/wp\/v2\/pages\/107"}],"wp:attachment":[{"href":"https:\/\/new.chevreaux-suprematistes.com\/index.php\/wp-json\/wp\/v2\/media?parent=19"}],"wp:term":[{"taxonomy":"type_de_page","embeddable":true,"href":"https:\/\/new.chevreaux-suprematistes.com\/index.php\/wp-json\/wp\/v2\/type_de_page?post=19"}],"curies":[{"name":"wp","href":"https:\/\/api.w.org\/{rel}","templated":true}]}}