{"id":18,"date":"2012-02-10T10:36:58","date_gmt":"2012-02-10T09:36:58","guid":{"rendered":"https:\/\/new.chevreaux-suprematistes.com\/index.php\/la-foret-zaragoza-2008\/"},"modified":"2023-09-22T16:37:07","modified_gmt":"2023-09-22T14:37:07","slug":"la-foret-zaragoza-2008","status":"publish","type":"page","link":"https:\/\/new.chevreaux-suprematistes.com\/index.php\/videos\/la-foret-zaragoza-2008\/","title":{"rendered":"La for\u00eat \/ Zaragoza 2008"},"content":{"rendered":"<p>Pour le pavillon fran\u00e7ais de l&rsquo;exposition internationale Zaragoza 2008, nous avons r\u00e9alis\u00e9 l&rsquo;installation <em>La for\u00eat<\/em> pour la r\u00e9gion Aquitaine, dont le th\u00e8me est l&rsquo;\u00e9cologie de la for\u00eat et la plage landaise. <\/p>\n<p>Cette for\u00eat est compos\u00e9e de 7 pins landais dans le tronc desquels on trouve : un sablier perp\u00e9tuel \u00e9voquant l&rsquo;\u00e9rosion des plages, un travelling dans la for\u00eat landaise projet\u00e9e \u00e0 m\u00eame l&rsquo;arbre, un aquarium \u00e9voquant les r\u00e9cifs artificiels pos\u00e9s au large, un th\u00e9\u00e2tre optique \u00e9voquant les politiques de traitement des dunes sur un si\u00e8cle.<\/p>\n","protected":false},"excerpt":{"rendered":"<p>Pour le pavillon fran\u00e7ais de l&rsquo;exposition internationale Zaragoza 2008, nous avons r\u00e9alis\u00e9 l&rsquo;installation La for\u00eat pour la r\u00e9gion Aquitaine, dont le th\u00e8me est l&rsquo;\u00e9cologie de la for\u00eat et la plage landaise. Cette for\u00eat est compos\u00e9e de 7 pins landais dans le tronc desquels on trouve : un sablier perp\u00e9tuel \u00e9voquant l&rsquo;\u00e9rosion des plages, un travelling [&hellip;]<\/p>\n","protected":false},"author":1,"featured_media":0,"parent":99,"menu_order":0,"comment_status":"open","ping_status":"closed","template":"","meta":{"footnotes":""},"type_de_page":[],"class_list":["post-18","page","type-page","status-publish","hentry"],"_links":{"self":[{"href":"https:\/\/new.chevreaux-suprematistes.com\/index.php\/wp-json\/wp\/v2\/pages\/18","targetHints":{"allow":["GET"]}}],"collection":[{"href":"https:\/\/new.chevreaux-suprematistes.com\/index.php\/wp-json\/wp\/v2\/pages"}],"about":[{"href":"https:\/\/new.chevreaux-suprematistes.com\/index.php\/wp-json\/wp\/v2\/types\/page"}],"author":[{"embeddable":true,"href":"https:\/\/new.chevreaux-suprematistes.com\/index.php\/wp-json\/wp\/v2\/users\/1"}],"replies":[{"embeddable":true,"href":"https:\/\/new.chevreaux-suprematistes.com\/index.php\/wp-json\/wp\/v2\/comments?post=18"}],"version-history":[{"count":1,"href":"https:\/\/new.chevreaux-suprematistes.com\/index.php\/wp-json\/wp\/v2\/pages\/18\/revisions"}],"predecessor-version":[{"id":105,"href":"https:\/\/new.chevreaux-suprematistes.com\/index.php\/wp-json\/wp\/v2\/pages\/18\/revisions\/105"}],"up":[{"embeddable":true,"href":"https:\/\/new.chevreaux-suprematistes.com\/index.php\/wp-json\/wp\/v2\/pages\/99"}],"wp:attachment":[{"href":"https:\/\/new.chevreaux-suprematistes.com\/index.php\/wp-json\/wp\/v2\/media?parent=18"}],"wp:term":[{"taxonomy":"type_de_page","embeddable":true,"href":"https:\/\/new.chevreaux-suprematistes.com\/index.php\/wp-json\/wp\/v2\/type_de_page?post=18"}],"curies":[{"name":"wp","href":"https:\/\/api.w.org\/{rel}","templated":true}]}}