{"id":17,"date":"2012-02-10T08:55:44","date_gmt":"2012-02-10T07:55:44","guid":{"rendered":"https:\/\/new.chevreaux-suprematistes.com\/index.php\/un-dialogue-entre-darwin-et-kropotkine\/"},"modified":"2023-09-22T16:37:07","modified_gmt":"2023-09-22T14:37:07","slug":"un-dialogue-entre-darwin-et-kropotkine","status":"publish","type":"page","link":"https:\/\/new.chevreaux-suprematistes.com\/index.php\/videos\/un-dialogue-entre-darwin-et-kropotkine\/","title":{"rendered":"Un dialogue entre Darwin et Kropotkine"},"content":{"rendered":"<div class=\"column\">\n<p>Dans un petit th\u00e9atre m\u00e9canis\u00e9, un film propose un dialogue fictif entre Darwin &#8211; naturaliste anglais bien connu &#8211; et Kropotkine &#8211; naturaliste russe anarchiste -.<br \/>\nIl confrontent leurs th\u00e9ories respectives \u00e0 la lumi\u00e8re des soci\u00e9t\u00e9s dans lesquelles ils v\u00e9curent ainsi que des terrains qu&rsquo;ils \u00e9tudi\u00e8rent.<br \/>\nLe dispositif, comme un petit th\u00e9\u00e2tre d&rsquo;ombre, montrait le film synchronis\u00e9 avec des avant &#8211; plans en d\u00e9coupes d&rsquo;acier noir m\u00e9canis\u00e9s, qui compl\u00e9taient le d\u00e9cor du film.<\/p>\n<p>Un film produit par EPPGHV- Grande Halle de la Villette, en 2007 pour l&rsquo;exposition <em>B\u00eates et Hommes<\/em>.<\/p>\n<\/div>\n<div class=\"column\">\n<p><strong>G\u00e9n\u00e9rique <\/strong><br \/>\nConception, dessins et effets sp\u00e9ciaux : Matthieu Lemari\u00e9, P\u00e9n\u00e9lope de Bozzi, Lucie Chaumont.<br \/>\nR\u00e9alisation : Demis Herenger<br \/>\nSon : Pierre Dachery<br \/>\nVoix (com\u00e9diens) : Fran\u00e7ois Godart et Gr\u00e9goire de Monsaingeon<br \/>\nManipulation : Ronan Letourneur, Matthieu Lemari\u00e9, P\u00e9n\u00e9lope de Bozzi, Lucie Chaumont ;<br \/>\nM\u00e9canismes des avants plans : Fred Costa <\/p>\n<\/div>\n","protected":false},"excerpt":{"rendered":"<p>Dans un petit th\u00e9atre m\u00e9canis\u00e9, un film propose un dialogue fictif entre Darwin &#8211; naturaliste anglais bien connu &#8211; et Kropotkine &#8211; naturaliste russe anarchiste -. Il confrontent leurs th\u00e9ories respectives \u00e0 la lumi\u00e8re des soci\u00e9t\u00e9s dans lesquelles ils v\u00e9curent ainsi que des terrains qu&rsquo;ils \u00e9tudi\u00e8rent. Le dispositif, comme un petit th\u00e9\u00e2tre d&rsquo;ombre, montrait le [&hellip;]<\/p>\n","protected":false},"author":1,"featured_media":0,"parent":99,"menu_order":0,"comment_status":"closed","ping_status":"closed","template":"","meta":{"footnotes":""},"type_de_page":[],"class_list":["post-17","page","type-page","status-publish","hentry"],"_links":{"self":[{"href":"https:\/\/new.chevreaux-suprematistes.com\/index.php\/wp-json\/wp\/v2\/pages\/17","targetHints":{"allow":["GET"]}}],"collection":[{"href":"https:\/\/new.chevreaux-suprematistes.com\/index.php\/wp-json\/wp\/v2\/pages"}],"about":[{"href":"https:\/\/new.chevreaux-suprematistes.com\/index.php\/wp-json\/wp\/v2\/types\/page"}],"author":[{"embeddable":true,"href":"https:\/\/new.chevreaux-suprematistes.com\/index.php\/wp-json\/wp\/v2\/users\/1"}],"replies":[{"embeddable":true,"href":"https:\/\/new.chevreaux-suprematistes.com\/index.php\/wp-json\/wp\/v2\/comments?post=17"}],"version-history":[{"count":1,"href":"https:\/\/new.chevreaux-suprematistes.com\/index.php\/wp-json\/wp\/v2\/pages\/17\/revisions"}],"predecessor-version":[{"id":93,"href":"https:\/\/new.chevreaux-suprematistes.com\/index.php\/wp-json\/wp\/v2\/pages\/17\/revisions\/93"}],"up":[{"embeddable":true,"href":"https:\/\/new.chevreaux-suprematistes.com\/index.php\/wp-json\/wp\/v2\/pages\/99"}],"wp:attachment":[{"href":"https:\/\/new.chevreaux-suprematistes.com\/index.php\/wp-json\/wp\/v2\/media?parent=17"}],"wp:term":[{"taxonomy":"type_de_page","embeddable":true,"href":"https:\/\/new.chevreaux-suprematistes.com\/index.php\/wp-json\/wp\/v2\/type_de_page?post=17"}],"curies":[{"name":"wp","href":"https:\/\/api.w.org\/{rel}","templated":true}]}}