{"id":15,"date":"2012-02-10T11:42:42","date_gmt":"2012-02-10T10:42:42","guid":{"rendered":"https:\/\/new.chevreaux-suprematistes.com\/index.php\/la-pharmacopee-des-chimpanzes\/"},"modified":"2023-09-22T16:47:02","modified_gmt":"2023-09-22T14:47:02","slug":"la-pharmacopee-des-chimpanzes","status":"publish","type":"page","link":"https:\/\/new.chevreaux-suprematistes.com\/index.php\/page-d-exemple\/la-pharmacopee-des-chimpanzes\/","title":{"rendered":"La pharmacop\u00e9e des Chimpanz\u00e9s"},"content":{"rendered":"<p>Les Chimpanz\u00e9s se soignent par eux m\u00eame en utilisant des plantes de leur environnement.<br \/>\nComme dans un cabinet de curiosit\u00e9, deux tables s\u00e9rigraphi\u00e9es, avec des vitrines, montrent les v\u00e9g\u00e9taux utilis\u00e9s, et \u00e0 quelles fins.<\/p>\n","protected":false},"excerpt":{"rendered":"<p>Les Chimpanz\u00e9s se soignent par eux m\u00eame en utilisant des plantes de leur environnement. Comme dans un cabinet de curiosit\u00e9, deux tables s\u00e9rigraphi\u00e9es, avec des vitrines, montrent les v\u00e9g\u00e9taux utilis\u00e9s, et \u00e0 quelles fins.<\/p>\n","protected":false},"author":1,"featured_media":0,"parent":2,"menu_order":0,"comment_status":"open","ping_status":"closed","template":"","meta":{"footnotes":""},"type_de_page":[],"class_list":["post-15","page","type-page","status-publish","hentry"],"_links":{"self":[{"href":"https:\/\/new.chevreaux-suprematistes.com\/index.php\/wp-json\/wp\/v2\/pages\/15","targetHints":{"allow":["GET"]}}],"collection":[{"href":"https:\/\/new.chevreaux-suprematistes.com\/index.php\/wp-json\/wp\/v2\/pages"}],"about":[{"href":"https:\/\/new.chevreaux-suprematistes.com\/index.php\/wp-json\/wp\/v2\/types\/page"}],"author":[{"embeddable":true,"href":"https:\/\/new.chevreaux-suprematistes.com\/index.php\/wp-json\/wp\/v2\/users\/1"}],"replies":[{"embeddable":true,"href":"https:\/\/new.chevreaux-suprematistes.com\/index.php\/wp-json\/wp\/v2\/comments?post=15"}],"version-history":[{"count":1,"href":"https:\/\/new.chevreaux-suprematistes.com\/index.php\/wp-json\/wp\/v2\/pages\/15\/revisions"}],"predecessor-version":[{"id":120,"href":"https:\/\/new.chevreaux-suprematistes.com\/index.php\/wp-json\/wp\/v2\/pages\/15\/revisions\/120"}],"up":[{"embeddable":true,"href":"https:\/\/new.chevreaux-suprematistes.com\/index.php\/wp-json\/wp\/v2\/pages\/2"}],"wp:attachment":[{"href":"https:\/\/new.chevreaux-suprematistes.com\/index.php\/wp-json\/wp\/v2\/media?parent=15"}],"wp:term":[{"taxonomy":"type_de_page","embeddable":true,"href":"https:\/\/new.chevreaux-suprematistes.com\/index.php\/wp-json\/wp\/v2\/type_de_page?post=15"}],"curies":[{"name":"wp","href":"https:\/\/api.w.org\/{rel}","templated":true}]}}