{"id":14,"date":"2012-02-10T11:42:35","date_gmt":"2012-02-10T10:42:35","guid":{"rendered":"https:\/\/new.chevreaux-suprematistes.com\/index.php\/lelevage-des-vaches\/"},"modified":"2023-09-22T16:47:02","modified_gmt":"2023-09-22T14:47:02","slug":"lelevage-des-vaches","status":"publish","type":"page","link":"https:\/\/new.chevreaux-suprematistes.com\/index.php\/page-d-exemple\/lelevage-des-vaches\/","title":{"rendered":"L&rsquo;\u00e9levage des vaches"},"content":{"rendered":"<p>Une grande table pr\u00e9sente quatre grandes \u00e9tapes de la politique d&rsquo;\u00e9levage des vaches en France. Quelles esp\u00e8ces sont privil\u00e9gi\u00e9es, quelles esp\u00e8ces disparaissent et pour quelles raisons ?<\/p>\n","protected":false},"excerpt":{"rendered":"<p>Une grande table pr\u00e9sente quatre grandes \u00e9tapes de la politique d&rsquo;\u00e9levage des vaches en France. Quelles esp\u00e8ces sont privil\u00e9gi\u00e9es, quelles esp\u00e8ces disparaissent et pour quelles raisons ?<\/p>\n","protected":false},"author":1,"featured_media":0,"parent":2,"menu_order":0,"comment_status":"open","ping_status":"closed","template":"","meta":{"footnotes":""},"type_de_page":[],"class_list":["post-14","page","type-page","status-publish","hentry"],"_links":{"self":[{"href":"https:\/\/new.chevreaux-suprematistes.com\/index.php\/wp-json\/wp\/v2\/pages\/14","targetHints":{"allow":["GET"]}}],"collection":[{"href":"https:\/\/new.chevreaux-suprematistes.com\/index.php\/wp-json\/wp\/v2\/pages"}],"about":[{"href":"https:\/\/new.chevreaux-suprematistes.com\/index.php\/wp-json\/wp\/v2\/types\/page"}],"author":[{"embeddable":true,"href":"https:\/\/new.chevreaux-suprematistes.com\/index.php\/wp-json\/wp\/v2\/users\/1"}],"replies":[{"embeddable":true,"href":"https:\/\/new.chevreaux-suprematistes.com\/index.php\/wp-json\/wp\/v2\/comments?post=14"}],"version-history":[{"count":1,"href":"https:\/\/new.chevreaux-suprematistes.com\/index.php\/wp-json\/wp\/v2\/pages\/14\/revisions"}],"predecessor-version":[{"id":119,"href":"https:\/\/new.chevreaux-suprematistes.com\/index.php\/wp-json\/wp\/v2\/pages\/14\/revisions\/119"}],"up":[{"embeddable":true,"href":"https:\/\/new.chevreaux-suprematistes.com\/index.php\/wp-json\/wp\/v2\/pages\/2"}],"wp:attachment":[{"href":"https:\/\/new.chevreaux-suprematistes.com\/index.php\/wp-json\/wp\/v2\/media?parent=14"}],"wp:term":[{"taxonomy":"type_de_page","embeddable":true,"href":"https:\/\/new.chevreaux-suprematistes.com\/index.php\/wp-json\/wp\/v2\/type_de_page?post=14"}],"curies":[{"name":"wp","href":"https:\/\/api.w.org\/{rel}","templated":true}]}}