{"id":12,"date":"2012-02-10T11:43:07","date_gmt":"2012-02-10T10:43:07","guid":{"rendered":"https:\/\/new.chevreaux-suprematistes.com\/index.php\/cultures-animales\/"},"modified":"2023-09-22T16:47:02","modified_gmt":"2023-09-22T14:47:02","slug":"cultures-animales","status":"publish","type":"page","link":"https:\/\/new.chevreaux-suprematistes.com\/index.php\/page-d-exemple\/cultures-animales\/","title":{"rendered":"Cultures animales"},"content":{"rendered":"<p>Des individus, parmi un groupe animal, inventent de nouvelles capacit\u00e9s. Capacit\u00e9s qui se diffusent au sein du groupe par mim\u00e9tisme. C&rsquo;est ce qu&rsquo;on appelle la culture animale.<\/p>\n<p>Une installation compos\u00e9e de st\u00e8les figurant l&rsquo;animal avec l&rsquo;objet sur lequel il a interagi et de dessins expliquant le ph\u00e9nom\u00e8ne.<\/p>\n","protected":false},"excerpt":{"rendered":"<p>Des individus, parmi un groupe animal, inventent de nouvelles capacit\u00e9s. Capacit\u00e9s qui se diffusent au sein du groupe par mim\u00e9tisme. C&rsquo;est ce qu&rsquo;on appelle la culture animale. Une installation compos\u00e9e de st\u00e8les figurant l&rsquo;animal avec l&rsquo;objet sur lequel il a interagi et de dessins expliquant le ph\u00e9nom\u00e8ne.<\/p>\n","protected":false},"author":1,"featured_media":0,"parent":2,"menu_order":0,"comment_status":"open","ping_status":"closed","template":"","meta":{"footnotes":""},"type_de_page":[],"class_list":["post-12","page","type-page","status-publish","hentry"],"_links":{"self":[{"href":"https:\/\/new.chevreaux-suprematistes.com\/index.php\/wp-json\/wp\/v2\/pages\/12","targetHints":{"allow":["GET"]}}],"collection":[{"href":"https:\/\/new.chevreaux-suprematistes.com\/index.php\/wp-json\/wp\/v2\/pages"}],"about":[{"href":"https:\/\/new.chevreaux-suprematistes.com\/index.php\/wp-json\/wp\/v2\/types\/page"}],"author":[{"embeddable":true,"href":"https:\/\/new.chevreaux-suprematistes.com\/index.php\/wp-json\/wp\/v2\/users\/1"}],"replies":[{"embeddable":true,"href":"https:\/\/new.chevreaux-suprematistes.com\/index.php\/wp-json\/wp\/v2\/comments?post=12"}],"version-history":[{"count":1,"href":"https:\/\/new.chevreaux-suprematistes.com\/index.php\/wp-json\/wp\/v2\/pages\/12\/revisions"}],"predecessor-version":[{"id":118,"href":"https:\/\/new.chevreaux-suprematistes.com\/index.php\/wp-json\/wp\/v2\/pages\/12\/revisions\/118"}],"up":[{"embeddable":true,"href":"https:\/\/new.chevreaux-suprematistes.com\/index.php\/wp-json\/wp\/v2\/pages\/2"}],"wp:attachment":[{"href":"https:\/\/new.chevreaux-suprematistes.com\/index.php\/wp-json\/wp\/v2\/media?parent=12"}],"wp:term":[{"taxonomy":"type_de_page","embeddable":true,"href":"https:\/\/new.chevreaux-suprematistes.com\/index.php\/wp-json\/wp\/v2\/type_de_page?post=12"}],"curies":[{"name":"wp","href":"https:\/\/api.w.org\/{rel}","templated":true}]}}